{"id":1014,"date":"2022-05-17T22:52:40","date_gmt":"2022-05-17T20:52:40","guid":{"rendered":"https:\/\/www.esag-escrow.ch\/datenschutz\/"},"modified":"2022-05-17T22:52:40","modified_gmt":"2022-05-17T20:52:40","slug":"datenschutz","status":"publish","type":"page","link":"https:\/\/www.esag-escrow.ch\/en\/datenschutz\/","title":{"rendered":"Datenschutzerkl\u00e4rung"},"content":{"rendered":"\n<div class=\"wp-block-cover\" id=\"legal\"><span aria-hidden=\"true\" class=\"wp-block-cover__background has-nv-site-bg-background-color has-background-dim-100 has-background-dim\"><\/span><div class=\"wp-block-cover__inner-container is-layout-flow wp-block-cover-is-layout-flow\">\n<section id=\"datenerhebung\" class=\"wp-block-group has-neve-text-color-color has-text-color\"><div class=\"wp-block-group__inner-container is-layout-flow wp-block-group-is-layout-flow\">\n<h3 class=\"wp-block-heading\">Allgemeine Erhebung von Daten<\/h3>\n\n\n\n<p>Wenn Sie auf unsere Website zugreifen oder eine Datei abrufen, werden Daten \u00fcber diesen Vorgang in einer Protokolldatei auf unserem Webserver gespeichert. Im Einzelnen k\u00f6nnen folgende Daten gespeichert werden:<\/p>\n\n\n\n<ul class=\"indentme wp-block-list\"><li>IP-Adresse (wenn m\u00f6glich, wird diese anonymisiert \u00fcbertragen oder gespeichert)<\/li><li>Domain-Name der Website, von der Sie kamen<\/li><li>Namen der abgerufenen Dateien<\/li><li>Datum und Uhrzeit eines Abrufs<\/li><li>Name Ihres Internet Service Providers<\/li><li>sowie ggf. Betriebssystem und Browserversion Ihres Endger\u00e4ts<\/li><\/ul>\n\n\n\n<p>IP-Adressen speichern wir, wenn \u00fcberhaupt, \u00fcber einen Zeitraum von wenigen Tagen. Die Speicherung erfolgt aus Datensicherheits- und rechtlichen Gr\u00fcnden, um Stabilit\u00e4t, Sicherheit und Integrit\u00e4t unserer Systeme zu gew\u00e4hrleisten.<\/p>\n\n\n\n<p>Die statistische Auswertung anonymisierter Datens\u00e4tze bleibt vorbehalten.<\/p>\n<\/div><\/section>\n\n\n\n<section id=\"eingebetteteinhalte\" class=\"wp-block-group has-neve-text-color-color has-text-color\"><div class=\"wp-block-group__inner-container is-layout-flow wp-block-group-is-layout-flow\">\n<h3 class=\"wp-block-heading\">Eingebettete Inhalte anderer Websites<\/h3>\n\n\n\n<p>Beitr\u00e4ge auf dieser Website k\u00f6nnen eingebettete Inhalte beinhalten (z.&nbsp;B. Videos, Bilder, Beitr\u00e4ge, Schriften etc.). Eingebettete Inhalte von anderen Websites verhalten sich exakt so, als ob der Besucher die andere Website besucht h\u00e4tte.<\/p>\n\n\n\n<p>Diese Websites k\u00f6nnen Daten \u00fcber Sie sammeln, Cookies benutzen, zus\u00e4tzliche Tracking-Dienste von Dritten einbetten und Ihre Interaktion mit diesem eingebetteten Inhalt aufzeichnen, inklusive Ihrer Interaktion mit dem eingebetteten Inhalt, falls Sie ein Konto haben und auf dieser Website angemeldet sind.<\/p>\n\n\n\n<p>Auf unserer Website verwenden wir fest integriert folgende externe Dienste:<\/p>\n\n\n\n<div id=\"adobefonts\" class=\"wp-block-group indentme\"><div class=\"wp-block-group__inner-container is-layout-flow wp-block-group-is-layout-flow\">\n<h4 class=\"wp-block-heading\">Adobe Fonts f\u00fcr Website<\/h4>\n\n\n\n<p>Diese Website nutzt zur Darstellung bestimmte Schriftarten von Adobe Fonts. Beim Aufruf einer Seite l\u00e4dt Ihr Browser diese Schriftarten. Dabei wird Ihre IP-Adresse samt der Seite (Internetadresse), die Sie besucht haben, an einen Server der Firma Adobe \u00fcbertragen.<\/p>\n\n\n\n<p>Die Datenschutzerkl\u00e4rung von Adobe Fonts finden Sie unter<br><a href=\"https:\/\/www.adobe.com\/ch_de\/privacy\/policies\/adobe-fonts.html\" target=\"_blank\" rel=\"noopener nofollow\">https:\/\/www.adobe.com\/ch_de\/privacy\/policies\/adobe-fonts.html<\/a><\/p>\n<\/div><\/div>\n\n\n\n<div id=\"fontawesome\" class=\"wp-block-group indentme\"><div class=\"wp-block-group__inner-container is-layout-flow wp-block-group-is-layout-flow\">\n<h4 class=\"wp-block-heading\">Font Awesome (Pro) Icons<\/h4>\n\n\n\n<p>Diese Website nutzt zur Darstellung von bestimmten Symbolen (Icons) den Dienst Font Awesome, wobei SVG-Dateien und JavaScript \u00fcber ein Content-Delivery-Netzwerk (CDN) des Anbieters bereitgestellt werden.<\/p>\n\n\n\n<p>Die Datenschutzerkl\u00e4rung von Font Awesome finden Sie auf Englisch unter<br><a href=\"https:\/\/fontawesome.com\/privacy#cdns\" target=\"_blank\" rel=\"noopener nofollow\">https:\/\/fontawesome.com\/privacy#cdns<\/a><\/p>\n<\/div><\/div>\n<\/div><\/section>\n\n\n\n<section id=\"datenteilen\" class=\"wp-block-group has-neve-text-color-color has-text-color\"><div class=\"wp-block-group__inner-container is-layout-flow wp-block-group-is-layout-flow\">\n<h3 class=\"wp-block-heading\">Mit wem wir Ihre Daten teilen<\/h3>\n\n\n\n<p>Wir geben personenbezogenen Daten nicht an Dritte weiter, sofern dies nicht zur Vertragserf\u00fcllung erforderlich ist. Eine Weitergabe von personenbezogenen Daten erfolgt nur bei Notwendigkeit und nur nach Ihrem Einverst\u00e4ndnis.<\/p>\n<\/div><\/section>\n\n\n\n<section id=\"datacontrol\" class=\"wp-block-group has-neve-text-color-color has-text-color\"><div class=\"wp-block-group__inner-container is-layout-flow wp-block-group-is-layout-flow\">\n<h3 class=\"wp-block-heading\">Auskunftsrecht, Recht auf Berichtigung, Sperrung, L\u00f6schung<\/h3>\n\n\n\n<p>Auf schriftliche Anfrage informieren wir Sie \u00fcber die zu Ihrer Person durch uns gespeicherten Daten. Sie haben auch ein Recht auf Berichtigung, Sperrung oder L\u00f6schung dieser Daten. Die Anfrage ist an unsere im Impressum der Website angegebene Adresse zu richten.<\/p>\n<\/div><\/section>\n\n\n\n<section id=\"widerrufsrecht\" class=\"wp-block-group has-neve-text-color-color has-text-color\"><div class=\"wp-block-group__inner-container is-layout-flow wp-block-group-is-layout-flow\">\n<h3 class=\"wp-block-heading\">Widerrufsrecht<\/h3>\n\n\n\n<p>Sie haben jederzeit die M\u00f6glichkeit, der Erhebung, Verarbeitung und Nutzung Ihre Daten zu widersprechen und\/oder Ihre Einwilligung zur Erhebung, Verarbeitung und Weitergabe Ihrer personenbezogenen Daten uns gegen\u00fcber mit Wirkung f\u00fcr die Zukunft zu widerrufen. Daten f\u00fcr Abrechnungs- und buchhalterische Zwecke sind hiervon nicht ber\u00fchrt. Wenden Sie sich hierzu bitte an unsere im Impressum der Website angegebene Adresse.<\/p>\n<\/div><\/section>\n\n\n\n<section id=\"kontaktformulare\" class=\"wp-block-group has-neve-text-color-color has-text-color\"><div class=\"wp-block-group__inner-container is-layout-flow wp-block-group-is-layout-flow\">\n<h3 class=\"wp-block-heading\">Kontaktformulare<\/h3>\n\n\n\n<p>Wenn Sie uns per Kontaktformular Anfragen zukommen lassen, werden Ihre Angaben aus dem Anfrageformular inklusive der von Ihnen dort angegebenen Kontaktdaten zwecks Bearbeitung der Anfrage und f\u00fcr den Fall von Anschlussfragen bei uns gespeichert und verarbeitet. Sie k\u00f6nnen dem jederzeit widersprechen (Widerrufsrecht). Ihre Daten geben wir nicht ohne Ihre Einwilligung weiter.<\/p>\n<\/div><\/section>\n\n\n\n<section id=\"aenderungen\" class=\"wp-block-group has-neve-text-color-color has-text-color\"><div class=\"wp-block-group__inner-container is-layout-flow wp-block-group-is-layout-flow\">\n<h3 class=\"wp-block-heading\">\u00c4nderungen dieser Datenschutzerkl\u00e4rung<\/h3>\n\n\n\n<p>Wir behalten uns vor, diese Datenschutzerkl\u00e4rung zu \u00e4ndern, wenn sich die Rechtslage oder dieses Online-Angebot oder die Art der Datenerfassung \u00e4ndert. Dies gilt jedoch nur bez\u00fcglich Erkl\u00e4rungen zur Datenverarbeitung. Sofern eine Einwilligung des Nutzers notwendig ist oder Bestandteile der Datenschutzerkl\u00e4rung eine Regelung des Vertragsverh\u00e4ltnisses mit Nutzern enthalten, erfolgt die \u00c4nderung der Datenschutzerkl\u00e4rung nur nach Zustimmung des Nutzers.Bitte informieren Sie sich daher bei Bedarf \u00fcber diese Datenschutzerkl\u00e4rung, insbesondere, wenn Sie personenbezogene Daten mitteilen.<\/p>\n<\/div><\/section>\n\n\n\n<section id=\"sicherheitshinweis\" class=\"wp-block-group has-neve-text-color-color has-text-color\"><div class=\"wp-block-group__inner-container is-layout-flow wp-block-group-is-layout-flow\">\n<h3 class=\"wp-block-heading\">Sicherheitshinweis<\/h3>\n\n\n\n<p>Wir sichern unsere Webseite und sonstige IT-Systeme durch geeignete technische und organisatorische Ma\u00dfnahmen gegen Verlust, Zerst\u00f6rung, unberechtigten Zugriff, unberechtigte Ver\u00e4nderung oder unberechtigte Verbreitung Ihrer Daten ab. Ein vollst\u00e4ndiger Schutz gegen alle Gefahren ist praktisch trotz aller Sorgfalt jedoch nicht in jedem Fall m\u00f6glich. Weil bei der Kommunikation per E-Mail die vollst\u00e4ndige Datensicherheit von uns nicht gew\u00e4hrleistet werden kann, empfehlen wir zur \u00dcbermittlung von vertraulichen Informationen den Postweg.<\/p>\n<\/div><\/section>\n\n\n\n<section id=\"cookies\" class=\"wp-block-group has-neve-text-color-color has-text-color\"><div class=\"wp-block-group__inner-container is-layout-flow wp-block-group-is-layout-flow\">\n<h3 class=\"wp-block-heading\">Cookies<\/h3>\n\n\n\n<p>Unsere Internetseite verwendet Cookies. Ein Cookie ist eine Textdatei, die beim Besuch einer Internetseite erstellt und auf dem System des Nutzers der Website zwischengespeichert wird. Wird der Server unserer Webseite erneut vom Nutzer der Website aufgerufen, sendet der Browser des Nutzers der Website den zuvor empfangenen Cookie wieder zur\u00fcck an den Server. Der Server kann die durch dieses Verfahren erhaltenen Informationen auswerten. Durch Cookies k\u00f6nnen beispielsweise Werbeeinblendungen gesteuert oder das Navigieren auf einer Internetseite erleichtert werden. Cookies sind ferner erforderlich, um die Funktionsf\u00e4higkeit unseres Webseiten-Betriebs zu erm\u00f6glichen (als Rechtsgrundlage ist Art. 6 Abs. 1 lit f DSGVO genannt, die Wahrung der berechtigten Interessen des Betreibers dieser Webseite \u2013 wir verwenden Cookies nur in Vereinbarung mit Art. 5 Abs. 1 lit a DSGVO, also gem\u00e4\u00df der Prinzipien \u201eRechtm\u00e4\u00dfigkeit, Verarbeitung nach Treu und Glauben, Transparenz\u201c).<\/p>\n\n\n\n<p>Wenn Sie die Nutzung von Cookies unterbinden wollen, k\u00f6nnen Sie dies durch lokale Einstellungen in Ihrem Internetbrowser (z.B. Edge, Chrome, Firefox, Opera oder Safari) tun.<\/p>\n<\/div><\/section>\n\n\n\n<section id=\"beschwerde\" class=\"wp-block-group has-neve-text-color-color has-text-color\"><div class=\"wp-block-group__inner-container is-layout-flow wp-block-group-is-layout-flow\">\n<h3 class=\"wp-block-heading\">Recht auf Beschwerde bei einer Aufsichtsbeh\u00f6rde<\/h3>\n\n\n\n<p>Jede betroffene Person hat unbeschadet eines anderweitigen verwaltungsrechtlichen oder gerichtlichen Rechtsbehelfs das Recht auf Beschwerde bei einer Aufsichtsbeh\u00f6rde, insbesondere in dem Mitgliedstaat ihres Aufenthaltsorts, ihres Arbeitsplatzes oder des Orts des mutma\u00dflichen Versto\u00dfes, wenn die betroffene Person der Ansicht ist, dass die Verarbeitung der sie betreffenden personenbezogenen Daten gegen die Datenschutzgrundverordnung der EU (DS-GVO) verst\u00f6\u00dft.<\/p>\n<\/div><\/section>\n\n\n\n<section id=\"datenuebertragbarkeit\" class=\"wp-block-group has-neve-text-color-color has-text-color\"><div class=\"wp-block-group__inner-container is-layout-flow wp-block-group-is-layout-flow\">\n<h3 class=\"wp-block-heading\">Recht auf Daten\u00fcbertragbarkeit<\/h3>\n\n\n\n<p>Sie haben das Recht die Sie betreffenden personenbezogenen Daten, die Sie uns bereitgestellt haben, in einem strukturierten, g\u00e4ngigen und maschinenlesbaren Format zu erhalten.<\/p>\n<\/div><\/section>\n\n\n\n<section id=\"links\" class=\"wp-block-group has-neve-text-color-color has-text-color\"><div class=\"wp-block-group__inner-container is-layout-flow wp-block-group-is-layout-flow\">\n<h3 class=\"wp-block-heading\">Links zu anderen Webseiten<\/h3>\n\n\n\n<p>Unsere Website kann von Zeit zu Zeit Links zu Websites Dritter oder zu anderen Websites von uns selbst enthalten. Wenn Sie einem Link zu einer dieser Websites folgen, weisen wir Sie darauf hin, dass diese Websites ihre eigenen Datenschutzrichtlinien haben und dass wir f\u00fcr diese Richtlinien keine Verantwortung oder Haftung \u00fcbernehmen. Bitte \u00fcberpr\u00fcfen Sie diese Datenschutzrichtlinien, bevor Sie personenbezogenen Daten an diese Websites weitergeben.<\/p>\n<\/div><\/section>\n\n\n\n<section id=\"verschluesselung\" class=\"wp-block-group has-neve-text-color-color has-text-color\"><div class=\"wp-block-group__inner-container is-layout-flow wp-block-group-is-layout-flow\">\n<h3 class=\"wp-block-heading\">SSL-Verschl\u00fcsselung<\/h3>\n\n\n\n<p>Diese Website nutzt die SSL-Verschl\u00fcsselung (Secure Socket Layer) f\u00fcr die \u00dcbertragung von Daten Ihres Browsers zu unserem Server und zu Servern, die Dateien bereitstellen, welche wir auf unserer Website einbinden.<br>Mit SSL werden Daten verschl\u00fcsselt \u00fcbertragen. Die Daten sind nicht ver\u00e4nderbar und der Absender kann identifiziert werden.<\/p>\n\n\n\n<p>Sie erkennen das Vorhandensein der SSL-Verschl\u00fcsselung anhand des vorangestellten Textes \u201ehttps\u201c vor der Adresse der Website, die sie im Browser aufrufen.<\/p>\n<\/div><\/section>\n<\/div><\/div>\n","protected":false},"excerpt":{"rendered":"","protected":false},"author":1,"featured_media":623,"parent":0,"menu_order":0,"comment_status":"closed","ping_status":"open","template":"","meta":{"neve_meta_sidebar":"","neve_meta_container":"","neve_meta_enable_content_width":"","neve_meta_content_width":0,"neve_meta_title_alignment":"","neve_meta_author_avatar":"","neve_post_elements_order":"","neve_meta_disable_header":"","neve_meta_disable_footer":"","neve_meta_disable_title":"","neve_meta_reading_time":"","_themeisle_gutenberg_block_has_review":false,"footnotes":""},"class_list":["post-1014","page","type-page","status-publish","has-post-thumbnail","hentry"],"aioseo_notices":[],"_links":{"self":[{"href":"https:\/\/www.esag-escrow.ch\/en\/wp-json\/wp\/v2\/pages\/1014","targetHints":{"allow":["GET"]}}],"collection":[{"href":"https:\/\/www.esag-escrow.ch\/en\/wp-json\/wp\/v2\/pages"}],"about":[{"href":"https:\/\/www.esag-escrow.ch\/en\/wp-json\/wp\/v2\/types\/page"}],"author":[{"embeddable":true,"href":"https:\/\/www.esag-escrow.ch\/en\/wp-json\/wp\/v2\/users\/1"}],"replies":[{"embeddable":true,"href":"https:\/\/www.esag-escrow.ch\/en\/wp-json\/wp\/v2\/comments?post=1014"}],"version-history":[{"count":0,"href":"https:\/\/www.esag-escrow.ch\/en\/wp-json\/wp\/v2\/pages\/1014\/revisions"}],"wp:featuredmedia":[{"embeddable":true,"href":"https:\/\/www.esag-escrow.ch\/en\/wp-json\/wp\/v2\/media\/623"}],"wp:attachment":[{"href":"https:\/\/www.esag-escrow.ch\/en\/wp-json\/wp\/v2\/media?parent=1014"}],"curies":[{"name":"wp","href":"https:\/\/api.w.org\/{rel}","templated":true}]}}