{"id":2576,"date":"2023-02-21T11:25:12","date_gmt":"2023-02-21T10:25:12","guid":{"rendered":"https:\/\/www.esag-escrow.ch\/?page_id=2576"},"modified":"2024-11-19T18:03:49","modified_gmt":"2024-11-19T17:03:49","slug":"ferroviaire","status":"publish","type":"page","link":"https:\/\/www.esag-escrow.ch\/fr\/transport\/ferroviaire\/","title":{"rendered":"Escrow pour l&#8217;industrie ferroviaire"},"content":{"rendered":"\n<div class=\"wp-block-cover alignfull is-light has-custom-content-position is-position-center-right\" style=\"min-height:49vh;aspect-ratio:unset;\"><span aria-hidden=\"true\" class=\"wp-block-cover__background has-neve-link-color-background-color has-background-dim-10 has-background-dim\"><\/span><img loading=\"lazy\" decoding=\"async\" width=\"1600\" height=\"900\" src=\"https:\/\/www.esag-escrow.ch\/wp-content\/uploads\/2024\/10\/cover-escrow-bahnbau-bahnindustrie.webp\" class=\"wp-block-cover__image-background wp-post-image\" alt=\"Escrow Dienstleistungen f\u00fcr Bahnindustrie, Bahngewerbe, Bahnbau\" data-object-fit=\"cover\" data-object-position=\"50% 50%\" style=\"object-position:50% 50%;\" srcset=\"https:\/\/www.esag-escrow.ch\/wp-content\/uploads\/2024\/10\/cover-escrow-bahnbau-bahnindustrie.webp 1600w, https:\/\/www.esag-escrow.ch\/wp-content\/uploads\/2024\/10\/cover-escrow-bahnbau-bahnindustrie-300x169.webp 300w, https:\/\/www.esag-escrow.ch\/wp-content\/uploads\/2024\/10\/cover-escrow-bahnbau-bahnindustrie-1024x576.webp 1024w, https:\/\/www.esag-escrow.ch\/wp-content\/uploads\/2024\/10\/cover-escrow-bahnbau-bahnindustrie-768x432.webp 768w, https:\/\/www.esag-escrow.ch\/wp-content\/uploads\/2024\/10\/cover-escrow-bahnbau-bahnindustrie-1536x864.webp 1536w\" sizes=\"auto, (max-width: 1600px) 100vw, 1600px\" \/><div class=\"wp-block-cover__inner-container is-layout-flow wp-block-cover-is-layout-flow\">\n<div style=\"height:100px\" aria-hidden=\"true\" class=\"wp-block-spacer\"><\/div>\n\n\n<h1 class=\"has-text-align-center esag-fancytitle hideme wp-block-post-title has-text-color has-nv-text-dark-bg-color\">Escrow pour l&#8217;industrie ferroviaire<\/h1><\/div><\/div>\n\n\n\n<div style=\"height:60px\" aria-hidden=\"true\" class=\"wp-block-spacer\"><\/div>\n\n\n<h1 class=\"wp-block-post-title has-text-color has-neve-link-hover-color-color\">Escrow pour l&#8217;industrie ferroviaire<\/h1>\n\n\n<div id=\"wp-block-themeisle-blocks-advanced-columns-52d892c3\" class=\"wp-block-themeisle-blocks-advanced-columns has-2-columns has-desktop-equal-layout has-tablet-equal-layout has-mobile-collapsedRows-layout has-vertical-center\"><div class=\"wp-block-themeisle-blocks-advanced-columns-overlay\"><\/div><div class=\"innerblocks-wrap\">\n<div id=\"wp-block-themeisle-blocks-advanced-column-34ad2282\" class=\"wp-block-themeisle-blocks-advanced-column\">\n<div class=\"wp-block-cover is-light has-custom-content-position is-position-bottom-center esag-object-liberator-2em-topbottom\" style=\"min-height:360px;aspect-ratio:unset;\"><span aria-hidden=\"true\" class=\"wp-block-cover__background has-background-dim-0 has-background-dim\"><\/span><img loading=\"lazy\" decoding=\"async\" width=\"500\" height=\"375\" class=\"wp-block-cover__image-background wp-image-1377\" alt=\"{{mpg_pain_customer_question}}\" src=\"https:\/\/www.esag-escrow.ch\/wp-content\/uploads\/2022\/12\/escrow-target-persona-1.jpg\" style=\"object-position:72% 18%\" data-object-fit=\"cover\" data-object-position=\"72% 18%\" srcset=\"https:\/\/www.esag-escrow.ch\/wp-content\/uploads\/2022\/12\/escrow-target-persona-1.jpg 500w, https:\/\/www.esag-escrow.ch\/wp-content\/uploads\/2022\/12\/escrow-target-persona-1-300x225.jpg 300w\" sizes=\"auto, (max-width: 500px) 100vw, 500px\" \/><div class=\"wp-block-cover__inner-container is-layout-flow wp-block-cover-is-layout-flow\">\n<p class=\"has-text-align-center esag-target-quote blurmyback has-neve-link-color-color has-nv-site-bg-background-color has-text-color has-background\" style=\"font-size:1.3em;font-style:italic;font-weight:600\">&#8220;Que se passe-t-il si le fournisseur de logiciels de nos syst\u00e8mes critiques fait faillite ?&#8220;<\/p>\n<\/div><\/div>\n<\/div>\n\n\n\n<div id=\"wp-block-themeisle-blocks-advanced-column-1d65e5bf\" class=\"wp-block-themeisle-blocks-advanced-column labemi-autoheight\">\n<h2 class=\"wp-block-heading has-text-align-left esag-pain-outlook_disabled has-neve-link-color-color has-text-color\" style=\"font-size:1.5em\">Une s\u00e9curit\u00e9 pour l'avenir<\/h2>\n\n\n\n<p class=\"labemi-properlineheight has-neve-text-color-color has-text-color\" style=\"font-size:1.2em\">Assurez la disponibilit\u00e9 \u00e0 long terme de vos applications logicielles sous licence dans votre entreprise.<\/p>\n\n\n\n<p class=\"labemi-properlineheight has-neve-text-color-color has-text-color\" style=\"font-size:1.2em\">ESAG Escrow est votre service de d\u00e9p\u00f4t complet, qui peut \u00eatre aussi personnalis\u00e9 que votre entreprise.<\/p>\n<\/div>\n<\/div><\/div>\n\n\n\n<div id=\"wp-block-themeisle-blocks-advanced-columns-3118e612\" class=\"wp-block-themeisle-blocks-advanced-columns has-1-columns has-desktop-equal-layout has-tablet-equal-layout has-mobile-equal-layout has-vertical-center\"><div class=\"wp-block-themeisle-blocks-advanced-columns-overlay\"><\/div><div class=\"innerblocks-wrap\">\n<div id=\"wp-block-themeisle-blocks-advanced-column-bf6df8de\" class=\"wp-block-themeisle-blocks-advanced-column\">\n<h2 class=\"wp-block-heading has-text-align-left esag-object-liberator-2em-topbottom has-neve-link-color-color has-text-color\">Pourquoi ESAG Escrow Services<\/h2>\n\n\n\n<div id=\"usp-item-1\" class=\"wp-block-themeisle-blocks-advanced-columns has-2-columns has-desktop-oneTwo-layout has-tablet-equal-layout has-mobile-oneTwo-layout has-vertical-top\"><div class=\"wp-block-themeisle-blocks-advanced-columns-overlay\"><\/div><div class=\"innerblocks-wrap\">\n<div id=\"wp-block-themeisle-blocks-advanced-column-f04538ef\" class=\"wp-block-themeisle-blocks-advanced-column\">\n<h3 class=\"wp-block-heading has-text-align-center\"><i class=\"fa-light fa-award esag-usp-icon\"><\/i><\/h3>\n<\/div>\n\n\n\n<div id=\"wp-block-themeisle-blocks-advanced-column-be6b4e43\" class=\"wp-block-themeisle-blocks-advanced-column\">\n<h3 class=\"wp-block-heading\">Un leader qui a fait ses preuves<\/h3>\n\n\n\n<p class=\"labemi-properlineheight\" style=\"font-size:1.2em\">Des entreprises leaders dans le secteur du transport et de la circulation renforcent d\u00e9j\u00e0 leur ind\u00e9pendance strat\u00e9gique avec ESAG Escrow Services.<\/p>\n<\/div>\n<\/div><\/div>\n\n\n\n<div id=\"usp-item-2\" class=\"wp-block-themeisle-blocks-advanced-columns has-2-columns has-desktop-oneTwo-layout has-tablet-equal-layout has-mobile-oneTwo-layout has-vertical-top\"><div class=\"wp-block-themeisle-blocks-advanced-columns-overlay\"><\/div><div class=\"innerblocks-wrap\">\n<div id=\"wp-block-themeisle-blocks-advanced-column-9373cd22\" class=\"wp-block-themeisle-blocks-advanced-column\">\n<h3 class=\"wp-block-heading has-text-align-center\"><i class=\"fa-light fa-graduation-cap esag-usp-icon\"><\/i><\/h3>\n<\/div>\n\n\n\n<div id=\"wp-block-themeisle-blocks-advanced-column-8286247b\" class=\"wp-block-themeisle-blocks-advanced-column\">\n<h3 class=\"wp-block-heading\">Expertise et comp\u00e9tence<\/h3>\n\n\n\n<p class=\"labemi-properlineheight\" style=\"font-size:1.2em\">Vous b\u00e9n\u00e9ficiez de conseils et de services solides de la part de nos fiduciaires dipl\u00f4m\u00e9s, de nos experts-comptables, de nos sp\u00e9cialistes en informatique et de nos experts financiers.<\/p>\n<\/div>\n<\/div><\/div>\n\n\n\n<div id=\"usp-item-3\" class=\"wp-block-themeisle-blocks-advanced-columns has-2-columns has-desktop-oneTwo-layout has-tablet-equal-layout has-mobile-oneTwo-layout has-vertical-top\"><div class=\"wp-block-themeisle-blocks-advanced-columns-overlay\"><\/div><div class=\"innerblocks-wrap\">\n<div id=\"wp-block-themeisle-blocks-advanced-column-d52d5cd9\" class=\"wp-block-themeisle-blocks-advanced-column\">\n<h3 class=\"wp-block-heading has-text-align-center\"><i class=\"fa-light fa-shield-check esag-usp-icon\"><\/i><\/h3>\n<\/div>\n\n\n\n<div id=\"wp-block-themeisle-blocks-advanced-column-301fe258\" class=\"wp-block-themeisle-blocks-advanced-column\">\n<h3 class=\"wp-block-heading\">S\u00e9curit\u00e9 maximale<\/h3>\n\n\n\n<p class=\"labemi-properlineheight\" style=\"font-size:1.2em\">Il est rassurant de savoir : Le d\u00e9p\u00f4t est effectu\u00e9 avec les plus hauts standards de s\u00e9curit\u00e9 dans un <a href=\"https:\/\/www.esag-escrow.ch\/fr\/quest-ce-quun-logiciel-escrow-signification\/#datenuebermittlung\">coffre-fort bancaire ou un cloud suisse<\/a>.<\/p>\n<\/div>\n<\/div><\/div>\n<\/div>\n<\/div><\/div>\n\n\n\n<hr class=\"wp-block-separator has-alpha-channel-opacity labemi-section-divider\"\/>\n\n\n\n<div id=\"cta\" class=\"wp-block-themeisle-blocks-advanced-columns has-1-columns has-desktop-equal-layout has-tablet-equal-layout has-mobile-equal-layout has-vertical-unset\"><div class=\"wp-block-themeisle-blocks-advanced-columns-overlay\"><\/div><div class=\"innerblocks-wrap\">\n<div id=\"wp-block-themeisle-blocks-advanced-column-ea268671\" class=\"wp-block-themeisle-blocks-advanced-column\">\n<div class=\"wp-block-cover alignwide is-light\"><span aria-hidden=\"true\" class=\"wp-block-cover__background has-background-dim-0 has-background-dim\"><\/span><div class=\"wp-block-cover__inner-container is-layout-flow wp-block-cover-is-layout-flow\">\n<h2 class=\"wp-block-heading has-text-align-left esag-bottom-liberator-2em has-neve-link-color-color has-text-color\">Votre solution vous attend<\/h2>\n\n\n\n<div id=\"cta-desktop-tablet\" class=\"wp-block-themeisle-blocks-advanced-columns has-1-columns has-desktop-equal-layout has-tablet-equal-layout hide-in-mobile has-vertical-unset\"><div class=\"wp-block-themeisle-blocks-advanced-columns-overlay\"><\/div><div class=\"innerblocks-wrap\">\n<div id=\"wp-block-themeisle-blocks-advanced-column-6d5f524e\" class=\"wp-block-themeisle-blocks-advanced-column\">\n<p class=\"has-text-align-left has-neve-text-color-color has-text-color has-medium-font-size\" style=\"font-style:normal;font-weight:600\">ESAG assure la disponibilit\u00e9 de vos logiciels et applications critiques pour que vous puissiez vous concentrer sur votre c\u0153ur de m\u00e9tier sans souci.<\/p>\n\n\n\n<p class=\"has-neve-text-color-color has-text-color has-medium-font-size\">Vous n&#8217;\u00eates qu&#8217;\u00e0 un coup de fil de trouver la solution d&#8217;escrow qui vous convient. Scannez le code QR avec votre t\u00e9l\u00e9phone portable ou composez le num\u00e9ro et votre sympathique expert se fera un plaisir de vous conseiller.<\/p>\n\n\n<div class=\"wp-block-image esag-object-liberator-2em\">\n<figure class=\"aligncenter size-full\"><img loading=\"lazy\" decoding=\"async\" width=\"125\" height=\"145\" src=\"https:\/\/www.esag-escrow.ch\/wp-content\/uploads\/2022\/11\/ESAG-Escrow-anrufen.qr-code.telefonnummer.png\" alt=\"\" class=\"wp-image-1200\"\/><\/figure>\n<\/div>\n\n\n<p class=\"has-neve-text-color-color has-text-color has-medium-font-size\">Vous pr\u00e9f\u00e9rez utiliser le formulaire de contact ? Les demandes \u00e9crites sont \u00e9galement les bienvenues. Pour ce faire, il suffit de cliquer sur ce bouton :<\/p>\n\n\n\n<div class=\"wp-block-buttons is-content-justification-center is-layout-flex wp-container-core-buttons-is-layout-16018d1d wp-block-buttons-is-layout-flex\">\n<div class=\"wp-block-button is-style-secondary\" style=\"font-style:normal;font-weight:300\"><a class=\"wp-block-button__link wp-element-button\" href=\"https:\/\/www.esag-escrow.ch\/fr\/contact\/\"><i class=\"fa-light fa-train-subway fa-2x\" style=\"color:var(--secondarybtnhovercolor);\" title=\"Construction de voies ferr\u00e9es-Expert\"><\/i> les experts de Construction de voies ferr\u00e9es<\/a><\/div>\n<\/div>\n<\/div>\n<\/div><\/div>\n\n\n\n<div id=\"cta-mobile\" class=\"wp-block-themeisle-blocks-advanced-columns has-1-columns has-mobile-equal-layout hide-in-desktop hide-in-tablet has-vertical-unset\"><div class=\"wp-block-themeisle-blocks-advanced-columns-overlay\"><\/div><div class=\"innerblocks-wrap\">\n<div id=\"wp-block-themeisle-blocks-advanced-column-2adbc8e7\" class=\"wp-block-themeisle-blocks-advanced-column\">\n<p class=\"has-text-align-left has-neve-text-color-color has-text-color has-medium-font-size\" style=\"font-style:normal;font-weight:600\">ESAG assure la disponibilit\u00e9 de vos logiciels et applications critiques pour que vous puissiez vous concentrer sur votre c\u0153ur de m\u00e9tier sans souci.<\/p>\n\n\n\n<p class=\"has-neve-text-color-color has-text-color has-medium-font-size\">Vous n&#8217;\u00eates qu&#8217;\u00e0 un coup de fil de trouver la solution d&#8217;escrow qui vous convient. Il vous suffit d&#8217;appuyer sur ce bouton pour appeler l&#8217;un de nos sympathiques sp\u00e9cialistes et obtenir une premi\u00e8re consultation sans engagement :<\/p>\n\n\n\n<div class=\"wp-block-buttons esag-object-liberator-2em-topbottom is-content-justification-center is-layout-flex wp-container-core-buttons-is-layout-16018d1d wp-block-buttons-is-layout-flex\">\n<div class=\"wp-block-button has-custom-font-size is-style-secondary has-medium-font-size\" style=\"font-style:normal;font-weight:300\"><a class=\"wp-block-button__link wp-element-button\" href=\"tel:+41625116090\"><i class=\"fa-light fa-train-subway fa-2x\" style=\"color:var(--secondarybtnhovercolor);\" title=\"Construction de voies ferr\u00e9es-Expert\"><\/i> Appeler les experts de Construction de voies ferr\u00e9es<\/a><\/div>\n<\/div>\n\n\n\n<p class=\"has-neve-text-color-color has-text-color has-medium-font-size\">Vous pr\u00e9f\u00e9rez utiliser le formulaire ? Les demandes \u00e9crites sont \u00e9galement les bienvenues. N&#8217;h\u00e9sitez pas \u00e0 utiliser notre <a href=\"https:\/\/www.esag-escrow.ch\/fr\/contact\/\" title=\"Appeler le formulaire de contact\">formulaire de contact<\/a>.<\/p>\n<\/div>\n<\/div><\/div>\n<\/div><\/div>\n<\/div>\n<\/div><\/div>\n","protected":false},"excerpt":{"rendered":"","protected":false},"author":1,"featured_media":3510,"parent":2538,"menu_order":0,"comment_status":"closed","ping_status":"closed","template":"","meta":{"neve_meta_sidebar":"","neve_meta_container":"","neve_meta_enable_content_width":"on","neve_meta_content_width":100,"neve_meta_title_alignment":"","neve_meta_author_avatar":"","neve_post_elements_order":"","neve_meta_disable_header":"","neve_meta_disable_footer":"","neve_meta_disable_title":"on","neve_meta_reading_time":"","_themeisle_gutenberg_block_has_review":false,"footnotes":""},"class_list":["post-2576","page","type-page","status-publish","has-post-thumbnail","hentry"],"aioseo_notices":[],"_links":{"self":[{"href":"https:\/\/www.esag-escrow.ch\/fr\/wp-json\/wp\/v2\/pages\/2576","targetHints":{"allow":["GET"]}}],"collection":[{"href":"https:\/\/www.esag-escrow.ch\/fr\/wp-json\/wp\/v2\/pages"}],"about":[{"href":"https:\/\/www.esag-escrow.ch\/fr\/wp-json\/wp\/v2\/types\/page"}],"author":[{"embeddable":true,"href":"https:\/\/www.esag-escrow.ch\/fr\/wp-json\/wp\/v2\/users\/1"}],"replies":[{"embeddable":true,"href":"https:\/\/www.esag-escrow.ch\/fr\/wp-json\/wp\/v2\/comments?post=2576"}],"version-history":[{"count":2,"href":"https:\/\/www.esag-escrow.ch\/fr\/wp-json\/wp\/v2\/pages\/2576\/revisions"}],"predecessor-version":[{"id":3632,"href":"https:\/\/www.esag-escrow.ch\/fr\/wp-json\/wp\/v2\/pages\/2576\/revisions\/3632"}],"up":[{"embeddable":true,"href":"https:\/\/www.esag-escrow.ch\/fr\/wp-json\/wp\/v2\/pages\/2538"}],"wp:featuredmedia":[{"embeddable":true,"href":"https:\/\/www.esag-escrow.ch\/fr\/wp-json\/wp\/v2\/media\/3510"}],"wp:attachment":[{"href":"https:\/\/www.esag-escrow.ch\/fr\/wp-json\/wp\/v2\/media?parent=2576"}],"curies":[{"name":"wp","href":"https:\/\/api.w.org\/{rel}","templated":true}]}}