{"id":730,"date":"2022-05-19T22:54:48","date_gmt":"2022-05-19T20:54:48","guid":{"rendered":"https:\/\/www.esag-escrow.ch\/accueil\/"},"modified":"2023-12-27T11:59:42","modified_gmt":"2023-12-27T10:59:42","slug":"home","status":"publish","type":"page","link":"https:\/\/www.esag-escrow.ch\/fr\/","title":{"rendered":"Accueil"},"content":{"rendered":"\n<div class=\"wp-block-cover alignfull is-light\" style=\"min-height:640px;aspect-ratio:unset;\"><span aria-hidden=\"true\" class=\"wp-block-cover__background has-background-dim-0 has-background-dim\"><\/span><img loading=\"lazy\" decoding=\"async\" width=\"1600\" height=\"900\" class=\"wp-block-cover__image-background wp-image-3277\" alt=\"ESAG Software Escrow Seitencover: Gesch\u00e4ftsmann am Konferenztisch\" src=\"https:\/\/www.esag-escrow.ch\/wp-content\/uploads\/2023\/12\/cover-escrow-hinterlegungsdienste-banken-finanzwesen-2024.webp\" style=\"object-position:65% 12%\" data-object-fit=\"cover\" data-object-position=\"65% 12%\" srcset=\"https:\/\/www.esag-escrow.ch\/wp-content\/uploads\/2023\/12\/cover-escrow-hinterlegungsdienste-banken-finanzwesen-2024.webp 1600w, https:\/\/www.esag-escrow.ch\/wp-content\/uploads\/2023\/12\/cover-escrow-hinterlegungsdienste-banken-finanzwesen-2024-300x169.webp 300w, https:\/\/www.esag-escrow.ch\/wp-content\/uploads\/2023\/12\/cover-escrow-hinterlegungsdienste-banken-finanzwesen-2024-1024x576.webp 1024w, https:\/\/www.esag-escrow.ch\/wp-content\/uploads\/2023\/12\/cover-escrow-hinterlegungsdienste-banken-finanzwesen-2024-768x432.webp 768w, https:\/\/www.esag-escrow.ch\/wp-content\/uploads\/2023\/12\/cover-escrow-hinterlegungsdienste-banken-finanzwesen-2024-1536x864.webp 1536w\" sizes=\"auto, (max-width: 1600px) 100vw, 1600px\" \/><div class=\"wp-block-cover__inner-container is-layout-flow wp-block-cover-is-layout-flow\">\n<div class=\"wp-block-group alignwide\"><div class=\"wp-block-group__inner-container is-layout-constrained wp-block-group-is-layout-constrained\">\n<div class=\"wp-block-cover alignleft has-custom-content-position is-position-center-left\"><span aria-hidden=\"true\" class=\"wp-block-cover__background has-nv-site-bg-background-color has-background-dim-100 has-background-dim\"><\/span><div class=\"wp-block-cover__inner-container is-layout-flow wp-block-cover-is-layout-flow\">\n<p class=\"has-text-align-center labemi-properlineheight has-neve-link-color-color has-text-color\" style=\"font-size:1.6em;font-style:italic;font-weight:400\">&#8220;Que se passe-t-il si mon fournisseur de technologie n&#8217;est soudainement plus disponible et que la continuit\u00e9 et la s\u00e9curit\u00e9 des processus commerciaux sont menac\u00e9es ?&#8221;<\/p>\n<\/div><\/div>\n<\/div><\/div>\n\n\n\n<p class=\"has-text-align-center has-large-font-size\"><\/p>\n<\/div><\/div>\n\n<h1 class=\"wp-block-heading alignwide ticss-9d1b5a48 has-neve-link-color-color has-custom-2-background-color has-text-color has-background\" style=\"font-size:2.2em\">Bienvenue chez ESAG Escrow Services AG<\/h1>\n\n<div class=\"wp-block-cover alignfull\" style=\"min-height:600px;aspect-ratio:unset;\" id=\"lizenznehmer\"><span aria-hidden=\"true\" class=\"wp-block-cover__background has-nv-light-bg-background-color has-background-dim-30 has-background-dim\"><\/span><div class=\"wp-block-cover__inner-container is-layout-flow wp-block-cover-is-layout-flow\">\n<div class=\"wp-block-group\"><div class=\"wp-block-group__inner-container is-layout-flow wp-block-group-is-layout-flow\">\n<div style=\"height:40px\" aria-hidden=\"true\" class=\"wp-block-spacer\"><\/div>\n\n\n\n<div class=\"wp-block-columns are-vertically-aligned-center is-layout-flex wp-container-core-columns-is-layout-9d6595d7 wp-block-columns-is-layout-flex\">\n<div class=\"wp-block-column is-vertically-aligned-center is-layout-flow wp-block-column-is-layout-flow\" style=\"flex-basis:50%\">\n<div class=\"wp-block-cover is-light has-custom-content-position is-position-bottom-center\"><span aria-hidden=\"true\" class=\"wp-block-cover__background has-background-dim-0 has-background-dim\"><\/span><img loading=\"lazy\" decoding=\"async\" width=\"900\" height=\"900\" class=\"wp-block-cover__image-background wp-image-193\" alt=\"Software Escrow f\u00fcr Lizenznehmer\" src=\"https:\/\/www.esag-escrow.ch\/wp-content\/uploads\/2022\/06\/ESAG-Escrow_fuer_Lizenznehmer-square.jpg\" data-object-fit=\"cover\" srcset=\"https:\/\/www.esag-escrow.ch\/wp-content\/uploads\/2022\/06\/ESAG-Escrow_fuer_Lizenznehmer-square.jpg 900w, https:\/\/www.esag-escrow.ch\/wp-content\/uploads\/2022\/06\/ESAG-Escrow_fuer_Lizenznehmer-square-300x300.jpg 300w, https:\/\/www.esag-escrow.ch\/wp-content\/uploads\/2022\/06\/ESAG-Escrow_fuer_Lizenznehmer-square-150x150.jpg 150w, https:\/\/www.esag-escrow.ch\/wp-content\/uploads\/2022\/06\/ESAG-Escrow_fuer_Lizenznehmer-square-768x768.jpg 768w\" sizes=\"auto, (max-width: 900px) 100vw, 900px\" \/><div class=\"wp-block-cover__inner-container is-layout-flow wp-block-cover-is-layout-flow\">\n<p class=\"has-text-align-center has-large-font-size\"><\/p>\n<\/div><\/div>\n<\/div>\n\n\n\n<div class=\"wp-block-column is-vertically-aligned-center is-layout-flow wp-block-column-is-layout-flow\" style=\"flex-basis:50%\">\n<div style=\"height:20px\" aria-hidden=\"true\" class=\"wp-block-spacer\"><\/div>\n\n\n\n<h2 class=\"wp-block-heading has-text-align-left has-neve-text-color-color has-text-color\">Un avenir s\u00fbr et prosp\u00e8re<\/h2>\n\n\n\n<p class=\"has-text-align-left has-neve-text-color-color has-text-color\">Assurez la disponibilit\u00e9 \u00e0 long terme de vos applications logicielles sous licence et de vos services d&#8217;ing\u00e9nierie dans votre entreprise.<\/p>\n\n\n\n<p class=\"has-neve-text-color-color has-text-color\">ESAG Escrow est votre solution de confort compl\u00e8te, qui peut \u00eatre aussi individuelle que votre entreprise.<\/p>\n\n\n\n<div class=\"wp-block-buttons is-content-justification-left is-layout-flex wp-container-core-buttons-is-layout-fdcfc74e wp-block-buttons-is-layout-flex\">\n<div class=\"wp-block-button is-style-primary\"><a class=\"wp-block-button__link wp-element-button\" href=\"https:\/\/www.esag-escrow.ch\/fuer\/\">continuer la lecture<\/a><\/div>\n<\/div>\n<\/div>\n<\/div>\n\n\n\n<div style=\"height:40px\" aria-hidden=\"true\" class=\"wp-block-spacer\"><\/div>\n<\/div><\/div>\n<\/div><\/div>\n\n<div style=\"height:140px\" aria-hidden=\"true\" class=\"wp-block-spacer\"><\/div>\n\n<div class=\"wp-block-columns is-layout-flex wp-container-core-columns-is-layout-9d6595d7 wp-block-columns-is-layout-flex\">\n<div class=\"wp-block-column is-layout-flow wp-block-column-is-layout-flow\">\n<h3 class=\"wp-block-heading has-text-align-center\"><i class=\"fa-light fa-award fa-fw esag-feature-icon\"><\/i><br\/>Expertise<\/h3>\n\n\n\n<p class=\"has-text-align-center\">Vous b\u00e9n\u00e9ficiez de nos 25 ans d&#8217;exp\u00e9rience dans les secteurs d\u00e9cisifs gr\u00e2ce \u00e0 une efficacit\u00e9 maximale dans la mise en \u0153uvre de votre solution Escrow.<\/p>\n\n\n\n<div style=\"height:20px\" aria-hidden=\"true\" class=\"wp-block-spacer\"><\/div>\n<\/div>\n\n\n\n<div class=\"wp-block-column is-layout-flow wp-block-column-is-layout-flow\">\n<h3 class=\"wp-block-heading has-text-align-center has-neve-text-color-color has-text-color\"><i class=\"fa-light fa-graduation-cap fa-fw esag-feature-icon\"><\/i><br\/>Comp\u00e9tence<\/h3>\n\n\n\n<p class=\"has-text-align-center\">Vous b\u00e9n\u00e9ficiez de conseils et de services solides de la part de nos fiduciaires, experts-comptables dipl\u00f4m\u00e9s,<br\/>Sp\u00e9cialistes en informatique et experts financiers.<\/p>\n\n\n\n<div style=\"height:20px\" aria-hidden=\"true\" class=\"wp-block-spacer\"><\/div>\n<\/div>\n\n\n\n<div class=\"wp-block-column is-layout-flow wp-block-column-is-layout-flow\">\n<h3 class=\"wp-block-heading has-text-align-center has-neve-text-color-color has-text-color\"><i class=\"fa-light fa-shield-check fa-fw esag-feature-icon\"><\/i><br\/>S\u00e9curit\u00e9<\/h3>\n\n\n\n<p class=\"has-text-align-center\">C&#8217;est rassurant de savoir<br\/>Le d\u00e9p\u00f4t est effectu\u00e9 avec les plus hauts standards de s\u00e9curit\u00e9 dans un coffre-fort bancaire suisse.<\/p>\n\n\n\n<div style=\"height:20px\" aria-hidden=\"true\" class=\"wp-block-spacer\"><\/div>\n<\/div>\n<\/div>\n\n<div style=\"height:80px\" aria-hidden=\"true\" class=\"wp-block-spacer\"><\/div>\n\n<div class=\"wp-block-cover alignfull\" style=\"min-height:300px;aspect-ratio:unset;\" id=\"unabhaengig-mit-esag-escrow\"><span aria-hidden=\"true\" class=\"wp-block-cover__background has-nv-dark-bg-background-color has-background-dim-100 has-background-dim\"><\/span><div class=\"wp-block-cover__inner-container is-layout-flow wp-block-cover-is-layout-flow\">\n<div style=\"height:100px\" aria-hidden=\"true\" class=\"wp-block-spacer\"><\/div>\n\n\n\n<p class=\"has-text-align-center has-nv-site-bg-color has-text-color has-large-font-size\"><strong>Des entreprises leaders dans leur secteur<br\/>renforcent d\u00e9j\u00e0 leur<br\/>ind\u00e9pendance strat\u00e9gique<br\/>avec ESAG Escrow Services.<\/strong><\/p>\n\n\n\n<div style=\"height:50px\" aria-hidden=\"true\" class=\"wp-block-spacer\"><\/div>\n\n\n\n<p class=\"has-text-align-center has-nv-light-bg-color has-text-color has-large-font-size\">Nous sommes heureux de vous proposer \u00e9galement<br\/>nos produits apaisants<br\/>Services de disponibilit\u00e9<br\/>de pouvoir offrir.<\/p>\n\n\n\n<div style=\"height:100px\" aria-hidden=\"true\" class=\"wp-block-spacer\"><\/div>\n<\/div><\/div>\n\n<div class=\"wp-block-cover alignfull\" style=\"min-height:420px;aspect-ratio:unset;\" id=\"ESAG-kontakt\"><span aria-hidden=\"true\" class=\"wp-block-cover__background has-nv-site-bg-background-color has-background-dim-100 has-background-dim\"><\/span><div class=\"wp-block-cover__inner-container is-layout-flow wp-block-cover-is-layout-flow\">\n<div style=\"height:100px\" aria-hidden=\"true\" class=\"wp-block-spacer\"><\/div>\n\n\n\n<h2 class=\"has-text-align-center has-neve-link-hover-color-color has-text-color wp-block-heading\">Votre solution en toute s\u00e9curit\u00e9<\/h2>\n\n\n\n<p class=\"has-text-align-center has-neve-text-color-color has-text-color\" style=\"font-style:normal;font-weight:600\">Vous n&#8217;\u00eates qu&#8217;\u00e0 un coup de fil de trouver la solution d&#8217;escrow qui vous convient.<\/p>\n\n\n\n<p class=\"has-text-align-center has-neve-text-color-color has-text-color\">Demandez un rappel par e-mail ou contactez-nous d\u00e8s maintenant par t\u00e9l\u00e9phone.<br\/>Un expert sympathique se fera un plaisir de vous conseiller.<\/p>\n\n\n\n<div class=\"wp-block-buttons is-content-justification-center is-layout-flex wp-container-core-buttons-is-layout-16018d1d wp-block-buttons-is-layout-flex\">\n<div class=\"wp-block-button is-style-primary\"><a class=\"wp-block-button__link wp-element-button\" href=\"mailto:info@esag-escrow.ch?subject=R&#xFC;ckruf\">Demander \u00e0 \u00eatre rappel\u00e9<\/a><\/div>\n\n\n\n<div class=\"wp-block-button is-style-secondary\"><a class=\"wp-block-button__link wp-element-button\" href=\"tel:+41625116090\">appeler le 062 511 60 90<\/a><\/div>\n<\/div>\n\n\n\n<div style=\"height:50px\" aria-hidden=\"true\" class=\"wp-block-spacer\"><\/div>\n\n\n<div class=\"wp-block-image is-style-default\">\n<figure class=\"aligncenter size-full\"><a href=\"tel:+41625116090\"><img loading=\"lazy\" decoding=\"async\" width=\"125\" height=\"145\" src=\"https:\/\/www.esag-escrow.ch\/wp-content\/uploads\/2022\/11\/ESAG-Escrow-anrufen.qr-code.telefonnummer.png\" alt=\"Code QR pour appeler ESAG Escrow Services AG au 062 511 60 90\" class=\"wp-image-1200\" title=\"Scannez ce code QR avec votre t&#xE9;l&#xE9;phone portable pour nous appeler directement\"\/><\/a><\/figure><\/div>\n\n\n<div style=\"height:100px\" aria-hidden=\"true\" class=\"wp-block-spacer\"><\/div>\n<\/div><\/div>\n\n<div class=\"wp-block-cover alignfull\" style=\"min-height:600px;aspect-ratio:unset;\" id=\"lizenzgeber\"><span aria-hidden=\"true\" class=\"wp-block-cover__background has-nv-light-bg-background-color has-background-dim-100 has-background-dim\"><\/span><div class=\"wp-block-cover__inner-container is-layout-flow wp-block-cover-is-layout-flow\">\n<div class=\"wp-block-group\"><div class=\"wp-block-group__inner-container is-layout-flow wp-block-group-is-layout-flow\">\n<div style=\"height:80px\" aria-hidden=\"true\" class=\"wp-block-spacer\"><\/div>\n\n\n\n<div class=\"wp-block-columns are-vertically-aligned-center is-layout-flex wp-container-core-columns-is-layout-9d6595d7 wp-block-columns-is-layout-flex\">\n<div class=\"wp-block-column is-vertically-aligned-center is-layout-flow wp-block-column-is-layout-flow\" style=\"flex-basis:50%\">\n<h2 class=\"wp-block-heading has-text-align-left has-neve-text-color-color has-text-color\">Conc\u00e9dant de licence<\/h2>\n\n\n\n<p class=\"has-text-align-left has-neve-text-color-color has-text-color\">En tant que <strong>fabricant de logiciels<\/strong> et <strong>donneur de licence<\/strong>, vous avez tout int\u00e9r\u00eat \u00e0 ce que les codes sources de vos produits restent secrets. Avec un escrow logiciel, vous remplissez les conditions d&#8217;une relation commerciale professionnelle.<\/p>\n\n\n\n<div class=\"wp-block-buttons is-content-justification-left is-layout-flex wp-container-core-buttons-is-layout-fdcfc74e wp-block-buttons-is-layout-flex\">\n<div class=\"wp-block-button is-style-primary\"><a class=\"wp-block-button__link wp-element-button\" href=\"https:\/\/www.esag-escrow.ch\/softwarehersteller\/\">continuer la lecture<\/a><\/div>\n<\/div>\n\n\n\n<div style=\"height:40px\" aria-hidden=\"true\" class=\"wp-block-spacer\"><\/div>\n<\/div>\n\n\n\n<div class=\"wp-block-column is-vertically-aligned-center is-layout-flow wp-block-column-is-layout-flow\" style=\"flex-basis:50%\">\n<figure class=\"wp-block-image size-full\"><img loading=\"lazy\" decoding=\"async\" width=\"900\" height=\"900\" src=\"https:\/\/www.esag-escrow.ch\/wp-content\/uploads\/2022\/06\/ESAG-Escrow_fuer_Lizenzgeber-square.jpg\" alt=\"Image de couverture ESAG Software Escrow pour les donneurs de licence, les fabricants de logiciels, les d&#xE9;veloppeurs\" class=\"wp-image-187\" srcset=\"https:\/\/www.esag-escrow.ch\/wp-content\/uploads\/2022\/06\/ESAG-Escrow_fuer_Lizenzgeber-square.jpg 900w, https:\/\/www.esag-escrow.ch\/wp-content\/uploads\/2022\/06\/ESAG-Escrow_fuer_Lizenzgeber-square-300x300.jpg 300w, https:\/\/www.esag-escrow.ch\/wp-content\/uploads\/2022\/06\/ESAG-Escrow_fuer_Lizenzgeber-square-150x150.jpg 150w, https:\/\/www.esag-escrow.ch\/wp-content\/uploads\/2022\/06\/ESAG-Escrow_fuer_Lizenzgeber-square-768x768.jpg 768w\" sizes=\"auto, (max-width: 900px) 100vw, 900px\" \/><\/figure>\n<\/div>\n<\/div>\n\n\n\n<div style=\"height:40px\" aria-hidden=\"true\" class=\"wp-block-spacer\"><\/div>\n<\/div><\/div>\n<\/div><\/div>\n\n<div class=\"wp-block-cover alignfull versteckmich\" style=\"min-height:600px;aspect-ratio:unset;\" id=\"berater\"><span aria-hidden=\"true\" class=\"wp-block-cover__background has-nv-dark-bg-background-color has-background-dim-100 has-background-dim\"><\/span><div class=\"wp-block-cover__inner-container is-layout-flow wp-block-cover-is-layout-flow\">\n<div class=\"wp-block-group\"><div class=\"wp-block-group__inner-container is-layout-flow wp-block-group-is-layout-flow\">\n<div style=\"height:80px\" aria-hidden=\"true\" class=\"wp-block-spacer\"><\/div>\n\n\n\n<div class=\"wp-block-columns are-vertically-aligned-center is-layout-flex wp-container-core-columns-is-layout-9d6595d7 wp-block-columns-is-layout-flex\">\n<div class=\"wp-block-column is-vertically-aligned-center is-layout-flow wp-block-column-is-layout-flow\" style=\"flex-basis:50%\">\n<figure class=\"wp-block-image size-full\"><img loading=\"lazy\" decoding=\"async\" width=\"900\" height=\"900\" src=\"https:\/\/www.esag-escrow.ch\/wp-content\/uploads\/2022\/06\/ESAG-Escrow_fuer_Berater-square.jpg\" alt=\"Cover Consultant Software-Escrow\" class=\"wp-image-181\" srcset=\"https:\/\/www.esag-escrow.ch\/wp-content\/uploads\/2022\/06\/ESAG-Escrow_fuer_Berater-square.jpg 900w, https:\/\/www.esag-escrow.ch\/wp-content\/uploads\/2022\/06\/ESAG-Escrow_fuer_Berater-square-300x300.jpg 300w, https:\/\/www.esag-escrow.ch\/wp-content\/uploads\/2022\/06\/ESAG-Escrow_fuer_Berater-square-150x150.jpg 150w, https:\/\/www.esag-escrow.ch\/wp-content\/uploads\/2022\/06\/ESAG-Escrow_fuer_Berater-square-768x768.jpg 768w\" sizes=\"auto, (max-width: 900px) 100vw, 900px\" \/><\/figure>\n<\/div>\n\n\n\n<div class=\"wp-block-column is-vertically-aligned-center is-layout-flow wp-block-column-is-layout-flow\" style=\"flex-basis:50%\">\n<div style=\"height:40px\" aria-hidden=\"true\" class=\"wp-block-spacer\"><\/div>\n\n\n\n<h2 class=\"wp-block-heading has-text-align-left has-nv-text-dark-bg-color has-text-color\">Conseiller<\/h2>\n\n\n\n<p class=\"has-text-align-left has-nv-text-dark-bg-color has-text-color\">En tant que <strong>conseiller<\/strong>, vous attachez de l&#8217;importance \u00e0 la protection des int\u00e9r\u00eats \u00e9conomiques et juridiques de vos clients. En recommandant un Software-Escrow, vous conseillez vos clients de mani\u00e8re comp\u00e9tente et pr\u00e9voyante.<\/p>\n\n\n\n<div class=\"wp-block-buttons is-content-justification-left is-layout-flex wp-container-core-buttons-is-layout-fdcfc74e wp-block-buttons-is-layout-flex\">\n<div class=\"wp-block-button is-style-primary\"><a class=\"wp-block-button__link wp-element-button\" href=\"https:\/\/www.esag-escrow.ch\/fr\/contact\/\">Demander plus d&#8217;informations<\/a><\/div>\n<\/div>\n<\/div>\n<\/div>\n\n\n\n<div style=\"height:40px\" aria-hidden=\"true\" class=\"wp-block-spacer\"><\/div>\n<\/div><\/div>\n<\/div><\/div>\n","protected":false},"excerpt":{"rendered":"<p>Bienvenue chez ESAG Escrow Services AG Expertise Vous b\u00e9n\u00e9ficiez de nos 25 ans d&#8217;exp\u00e9rience dans les secteurs d\u00e9cisifs gr\u00e2ce \u00e0 une efficacit\u00e9 maximale dans la mise en \u0153uvre de votre solution Escrow. Comp\u00e9tence Vous b\u00e9n\u00e9ficiez de conseils et de services solides de la part de nos fiduciaires, experts-comptables dipl\u00f4m\u00e9s,Sp\u00e9cialistes en informatique et experts financiers. S\u00e9curit\u00e9&hellip;&nbsp;<a href=\"https:\/\/www.esag-escrow.ch\/fr\/\" rel=\"bookmark\">Read More &raquo;<span class=\"screen-reader-text\">Accueil<\/span><\/a><\/p>\n","protected":false},"author":1,"featured_media":2794,"parent":0,"menu_order":0,"comment_status":"closed","ping_status":"closed","template":"","meta":{"neve_meta_sidebar":"","neve_meta_container":"","neve_meta_enable_content_width":"on","neve_meta_content_width":100,"neve_meta_title_alignment":"","neve_meta_author_avatar":"","neve_post_elements_order":"","neve_meta_disable_header":"off","neve_meta_disable_footer":"","neve_meta_disable_title":"on","neve_meta_reading_time":"","_themeisle_gutenberg_block_has_review":false,"footnotes":""},"class_list":["post-730","page","type-page","status-publish","has-post-thumbnail","hentry"],"aioseo_notices":[],"_links":{"self":[{"href":"https:\/\/www.esag-escrow.ch\/fr\/wp-json\/wp\/v2\/pages\/730","targetHints":{"allow":["GET"]}}],"collection":[{"href":"https:\/\/www.esag-escrow.ch\/fr\/wp-json\/wp\/v2\/pages"}],"about":[{"href":"https:\/\/www.esag-escrow.ch\/fr\/wp-json\/wp\/v2\/types\/page"}],"author":[{"embeddable":true,"href":"https:\/\/www.esag-escrow.ch\/fr\/wp-json\/wp\/v2\/users\/1"}],"replies":[{"embeddable":true,"href":"https:\/\/www.esag-escrow.ch\/fr\/wp-json\/wp\/v2\/comments?post=730"}],"version-history":[{"count":59,"href":"https:\/\/www.esag-escrow.ch\/fr\/wp-json\/wp\/v2\/pages\/730\/revisions"}],"predecessor-version":[{"id":3289,"href":"https:\/\/www.esag-escrow.ch\/fr\/wp-json\/wp\/v2\/pages\/730\/revisions\/3289"}],"wp:featuredmedia":[{"embeddable":true,"href":"https:\/\/www.esag-escrow.ch\/fr\/wp-json\/wp\/v2\/media\/2794"}],"wp:attachment":[{"href":"https:\/\/www.esag-escrow.ch\/fr\/wp-json\/wp\/v2\/media?parent=730"}],"curies":[{"name":"wp","href":"https:\/\/api.w.org\/{rel}","templated":true}]}}