{"id":808,"date":"2022-08-01T17:17:59","date_gmt":"2022-08-01T15:17:59","guid":{"rendered":"https:\/\/www.esag-escrow.ch\/?page_id=808"},"modified":"2023-02-22T20:20:16","modified_gmt":"2023-02-22T19:20:16","slug":"sur-nous","status":"publish","type":"page","link":"https:\/\/www.esag-escrow.ch\/fr\/sur-nous\/","title":{"rendered":"\u00c0 propos de nous"},"content":{"rendered":"\n<div class=\"wp-block-cover alignfull is-light has-custom-content-position is-position-center-right\" style=\"min-height:49vh;aspect-ratio:unset;\"><span aria-hidden=\"true\" class=\"wp-block-cover__background has-neve-link-color-background-color has-background-dim-10 has-background-dim\"><\/span><img loading=\"lazy\" decoding=\"async\" width=\"1600\" height=\"900\" src=\"https:\/\/www.esag-escrow.ch\/wp-content\/uploads\/2023\/02\/ueber-uns-matterhorn.jpg\" class=\"wp-block-cover__image-background wp-post-image\" alt=\"\" data-object-fit=\"cover\" data-object-position=\"50% 50%\" style=\"object-position:50% 50%;\" srcset=\"https:\/\/www.esag-escrow.ch\/wp-content\/uploads\/2023\/02\/ueber-uns-matterhorn.jpg 1600w, https:\/\/www.esag-escrow.ch\/wp-content\/uploads\/2023\/02\/ueber-uns-matterhorn-300x169.jpg 300w, https:\/\/www.esag-escrow.ch\/wp-content\/uploads\/2023\/02\/ueber-uns-matterhorn-1024x576.jpg 1024w, https:\/\/www.esag-escrow.ch\/wp-content\/uploads\/2023\/02\/ueber-uns-matterhorn-768x432.jpg 768w, https:\/\/www.esag-escrow.ch\/wp-content\/uploads\/2023\/02\/ueber-uns-matterhorn-1536x864.jpg 1536w, https:\/\/www.esag-escrow.ch\/wp-content\/uploads\/2023\/02\/ueber-uns-matterhorn-928x522.jpg 928w\" sizes=\"auto, (max-width: 1600px) 100vw, 1600px\" \/><div class=\"wp-block-cover__inner-container is-layout-flow wp-block-cover-is-layout-flow\">\n<div style=\"height:100px\" aria-hidden=\"true\" class=\"wp-block-spacer\"><\/div>\n\n\n<h1 class=\"has-text-align-center esag-fancytitle hideme wp-block-post-title has-text-color has-nv-text-dark-bg-color\">\u00c0 propos de nous<\/h1><\/div><\/div>\n\n<div style=\"height:80px\" aria-hidden=\"true\" class=\"wp-block-spacer\"><\/div>\n<h1 class=\"wp-block-post-title has-text-color has-neve-link-hover-color-color\">\u00c0 propos de nous<\/h1>\n<div class=\"wp-block-cover has-custom-content-position is-position-top-left\"><span aria-hidden=\"true\" class=\"wp-block-cover__background has-nv-site-bg-background-color has-background-dim-100 has-background-dim\"><\/span><div class=\"wp-block-cover__inner-container is-layout-flow wp-block-cover-is-layout-flow\">\n<div class=\"wp-block-group has-neve-text-color-color has-text-color\"><div class=\"wp-block-group__inner-container is-layout-flow wp-block-group-is-layout-flow\">\n<p>ESAG Escrow Services AG a \u00e9t\u00e9 fond\u00e9e en 1998 et s&#8217;est rapidement impos\u00e9e comme l&#8217;un des principaux prestataires de services d&#8217;escrow. Nous comptons parmi nos clients des partenaires contractuels en Suisse et dans un grand nombre de pays d&#8217;Europe et d&#8217;outre-mer. Il s&#8217;agit d&#8217;entreprises et d&#8217;institutions de toutes tailles issues des domaines les plus divers de l&#8217;\u00e9conomie et de l&#8217;administration.<\/p>\n\n\n\n<h2 class=\"wp-block-heading\">Nos comp\u00e9tences<\/h2>\n\n\n\n<p>Nos clients b\u00e9n\u00e9ficient de notre grande expertise dans les trois principaux domaines li\u00e9s \u00e0 l&#8217;escrow :<\/p>\n\n\n\n<h3 class=\"wp-block-heading\">Fiduciaire<\/h3>\n\n\n\n<p>Nos experts sont titulaires d&#8217;un dipl\u00f4me f\u00e9d\u00e9ral. Agent fiduciaire et dipl\u00f4m\u00e9 f\u00e9d\u00e9ral Expert-comptable. Gr\u00e2ce \u00e0 notre savoir-faire comp\u00e9tent dans le domaine fiduciaire, nous pouvons vous conseiller en tant que client de mani\u00e8re comp\u00e9tente et compl\u00e8te.<\/p>\n\n\n\n<h3 class=\"wp-block-heading\">Finances<\/h3>\n\n\n\n<p>Gr\u00e2ce \u00e0 notre exp\u00e9rience de plusieurs dizaines d&#8217;ann\u00e9es sur la place financi\u00e8re suisse et dans le monde bancaire suisse, notre \u00e9quipe vous soutient \u00e9galement pour toutes les questions relatives au th\u00e8me des finances.<\/p>\n\n\n\n<h3 class=\"wp-block-heading\">IT (s\u00e9curit\u00e9)<\/h3>\n\n\n\n<p>La s\u00e9curit\u00e9 est la priorit\u00e9 absolue d&#8217;un contrat d&#8217;escrow. Notre \u00e9quipe informatique vous aide \u00e0 r\u00e9soudre les questions de s\u00e9curit\u00e9 li\u00e9es \u00e0 la transmission des donn\u00e9es et \u00e0 la conservation d&#8217;un code source. En tant qu&#8217;informaticiens de gestion et experts en num\u00e9risation, nos conseils couvrent l&#8217;ensemble du spectre dans le domaine des technologies de l&#8217;information.<\/p>\n\n\n\n<h2 class=\"wp-block-heading\">Nos clients<\/h2>\n\n\n\n<p>Nous comptons parmi nos clients des entreprises et des institutions nationales et internationales issues des secteurs les plus divers &#8211; ainsi que leurs fournisseurs de logiciels.<\/p>\n\n\n\n<p>Pour des raisons de discr\u00e9tion, nous ne publions pas de liste de clients. Sur demande, nous vous communiquerons toutefois volontiers des r\u00e9f\u00e9rences.<\/p>\n<\/div><\/div>\n<\/div><\/div>\n\n<div class=\"wp-block-cover alignfull\"><span aria-hidden=\"true\" class=\"wp-block-cover__background has-nv-light-bg-background-color has-background-dim-100 has-background-dim\"><\/span><div class=\"wp-block-cover__inner-container is-layout-flow wp-block-cover-is-layout-flow\">\n<div class=\"wp-block-group\"><div class=\"wp-block-group__inner-container is-layout-flow wp-block-group-is-layout-flow\">\n<div style=\"height:40px\" aria-hidden=\"true\" class=\"wp-block-spacer\"><\/div>\n\n\n\n<p class=\"has-text-align-center has-neve-text-color-color has-text-color\" style=\"font-size:32px\">Commander la liste de r\u00e9f\u00e9rence et des informations suppl\u00e9mentaires<\/p>\n\n\n\n<div style=\"height:32px\" aria-hidden=\"true\" class=\"wp-block-spacer\"><\/div>\n\n\n\n<div class=\"wp-block-buttons is-content-justification-center is-layout-flex wp-container-core-buttons-is-layout-16018d1d wp-block-buttons-is-layout-flex\">\n<div class=\"wp-block-button is-style-primary\"><a class=\"wp-block-button__link wp-element-button\" href=\"https:\/\/www.esag-escrow.ch\/fr\/contact\/\">Faire une demande maintenant<\/a><\/div>\n<\/div>\n\n\n\n<div style=\"height:40px\" aria-hidden=\"true\" class=\"wp-block-spacer\"><\/div>\n<\/div><\/div>\n<\/div><\/div>\n","protected":false},"excerpt":{"rendered":"","protected":false},"author":1,"featured_media":2732,"parent":0,"menu_order":0,"comment_status":"closed","ping_status":"closed","template":"","meta":{"neve_meta_sidebar":"","neve_meta_container":"","neve_meta_enable_content_width":"on","neve_meta_content_width":100,"neve_meta_title_alignment":"","neve_meta_author_avatar":"","neve_post_elements_order":"","neve_meta_disable_header":"","neve_meta_disable_footer":"","neve_meta_disable_title":"on","neve_meta_reading_time":"","_themeisle_gutenberg_block_has_review":false,"footnotes":""},"class_list":["post-808","page","type-page","status-publish","has-post-thumbnail","hentry"],"aioseo_notices":[],"_links":{"self":[{"href":"https:\/\/www.esag-escrow.ch\/fr\/wp-json\/wp\/v2\/pages\/808","targetHints":{"allow":["GET"]}}],"collection":[{"href":"https:\/\/www.esag-escrow.ch\/fr\/wp-json\/wp\/v2\/pages"}],"about":[{"href":"https:\/\/www.esag-escrow.ch\/fr\/wp-json\/wp\/v2\/types\/page"}],"author":[{"embeddable":true,"href":"https:\/\/www.esag-escrow.ch\/fr\/wp-json\/wp\/v2\/users\/1"}],"replies":[{"embeddable":true,"href":"https:\/\/www.esag-escrow.ch\/fr\/wp-json\/wp\/v2\/comments?post=808"}],"version-history":[{"count":9,"href":"https:\/\/www.esag-escrow.ch\/fr\/wp-json\/wp\/v2\/pages\/808\/revisions"}],"predecessor-version":[{"id":2420,"href":"https:\/\/www.esag-escrow.ch\/fr\/wp-json\/wp\/v2\/pages\/808\/revisions\/2420"}],"wp:featuredmedia":[{"embeddable":true,"href":"https:\/\/www.esag-escrow.ch\/fr\/wp-json\/wp\/v2\/media\/2732"}],"wp:attachment":[{"href":"https:\/\/www.esag-escrow.ch\/fr\/wp-json\/wp\/v2\/media?parent=808"}],"curies":[{"name":"wp","href":"https:\/\/api.w.org\/{rel}","templated":true}]}}