{"id":840,"date":"2022-08-01T16:54:47","date_gmt":"2022-08-01T14:54:47","guid":{"rendered":"https:\/\/www.esag-escrow.ch\/?page_id=840"},"modified":"2023-03-01T14:50:14","modified_gmt":"2023-03-01T13:50:14","slug":"concedant-de-licence-titulaire-des-droits-producteur-de-logiciels","status":"publish","type":"page","link":"https:\/\/www.esag-escrow.ch\/fr\/concedant-de-licence-titulaire-des-droits-producteur-de-logiciels\/","title":{"rendered":"Escrow pour les donneurs de licence"},"content":{"rendered":"\n<div class=\"wp-block-cover alignfull is-light has-custom-content-position is-position-center-right\" style=\"min-height:49vh;aspect-ratio:unset;\"><span aria-hidden=\"true\" class=\"wp-block-cover__background has-neve-link-color-background-color has-background-dim-10 has-background-dim\"><\/span><img loading=\"lazy\" decoding=\"async\" width=\"1600\" height=\"900\" src=\"https:\/\/www.esag-escrow.ch\/wp-content\/uploads\/2022\/06\/ESAG-Escrow_fuer_Lizenzgeber.jpg\" class=\"wp-block-cover__image-background wp-post-image\" alt=\"\" data-object-fit=\"cover\" data-object-position=\"50% 50%\" style=\"object-position:50% 50%;\" srcset=\"https:\/\/www.esag-escrow.ch\/wp-content\/uploads\/2022\/06\/ESAG-Escrow_fuer_Lizenzgeber.jpg 1600w, https:\/\/www.esag-escrow.ch\/wp-content\/uploads\/2022\/06\/ESAG-Escrow_fuer_Lizenzgeber-300x169.jpg 300w, https:\/\/www.esag-escrow.ch\/wp-content\/uploads\/2022\/06\/ESAG-Escrow_fuer_Lizenzgeber-1024x576.jpg 1024w, https:\/\/www.esag-escrow.ch\/wp-content\/uploads\/2022\/06\/ESAG-Escrow_fuer_Lizenzgeber-768x432.jpg 768w, https:\/\/www.esag-escrow.ch\/wp-content\/uploads\/2022\/06\/ESAG-Escrow_fuer_Lizenzgeber-1536x864.jpg 1536w\" sizes=\"auto, (max-width: 1600px) 100vw, 1600px\" \/><div class=\"wp-block-cover__inner-container is-layout-flow wp-block-cover-is-layout-flow\">\n<div style=\"height:100px\" aria-hidden=\"true\" class=\"wp-block-spacer\"><\/div>\n\n\n<h1 class=\"has-text-align-center esag-fancytitle hideme wp-block-post-title has-text-color has-nv-text-dark-bg-color\">Escrow pour les donneurs de licence<\/h1><\/div><\/div>\n\n<aside id=\"subnavbox\" class=\"wp-block-group esag-subnavbox o-sticky o-sticky-scope-main-area o-sticky-pos-top o-sticky-bhvr-keep o-sticky-offset-152 is-vertical is-content-justification-right is-layout-flex wp-container-core-group-is-layout-b6c475e2 wp-block-group-is-layout-flex\">\n<div id=\"subnav-content\" class=\"wp-block-group contentholder\"><div class=\"wp-block-group__inner-container is-layout-flow wp-block-group-is-layout-flow\">\n<div id=\"subnav-1\" class=\"wp-block-group\"><div class=\"wp-block-group__inner-container is-layout-constrained wp-block-group-is-layout-constrained\">\n<p class=\"widget-title\">Questions et r\u00e9ponses<\/p>\n\n\n\n<ul class=\"wp-block-list\">\n<li><a href=\"https:\/\/www.esag-escrow.ch\/fr\/software-escrow\/\" title=\"Qu'est-ce que Software-Escrow ?\">Qu&#8217;est-ce que Software-Escrow ?<\/a><\/li>\n<\/ul>\n<\/div><\/div>\n<\/div><\/div>\n<\/aside>\n<h1 class=\"wp-block-post-title has-text-color has-neve-link-hover-color-color\">Escrow pour les donneurs de licence<\/h1>\n<div class=\"wp-block-cover has-custom-content-position is-position-top-left\"><span aria-hidden=\"true\" class=\"wp-block-cover__background has-nv-site-bg-background-color has-background-dim-100 has-background-dim\"><\/span><div class=\"wp-block-cover__inner-container is-layout-flow wp-block-cover-is-layout-flow\">\n<div class=\"wp-block-group\"><div class=\"wp-block-group__inner-container is-layout-flow wp-block-group-is-layout-flow\">\n<p class=\"has-text-align-left has-neve-text-color-color has-text-color\">En tant que <strong>fabricant de logiciels<\/strong> ou <strong>donneur de licence<\/strong>, vous avez tout int\u00e9r\u00eat \u00e0 ce que le code source de vos produits reste confidentiel. Avec un Software-Escrow, vous notez de nombreux points positifs :<\/p>\n\n\n\n<ul class=\"has-neve-text-color-color has-text-color wp-block-list\">\n<li>Assurance qualit\u00e9<\/li>\n\n\n\n<li>Augmentation de la valeur de l&#8217;offre<\/li>\n\n\n\n<li>Assurer la preuve du droit d&#8217;auteur<\/li>\n\n\n\n<li>Protection de la propri\u00e9t\u00e9 intellectuelle<\/li>\n\n\n\n<li>R\u00e9pondre aux exigences de s\u00e9curit\u00e9 de vos clients<\/li>\n\n\n\n<li>Possibilit\u00e9 pour le client d&#8217;acc\u00e9der aux programmes sources<\/li>\n<\/ul>\n<\/div><\/div>\n<\/div><\/div>\n\n<hr class=\"wp-block-separator has-alpha-channel-opacity labemi-section-divider\"\/>\n\n<div class=\"wp-block-cover alignfull\" style=\"min-height:420px;aspect-ratio:unset;\" id=\"ESAG-kontakt\"><span aria-hidden=\"true\" class=\"wp-block-cover__background has-nv-site-bg-background-color has-background-dim-100 has-background-dim\"><\/span><div class=\"wp-block-cover__inner-container is-layout-flow wp-block-cover-is-layout-flow\">\n<div style=\"height:100px\" aria-hidden=\"true\" class=\"wp-block-spacer\"><\/div>\n\n\n\n<h2 class=\"has-text-align-center has-neve-link-hover-color-color has-text-color wp-block-heading\">Votre solution en toute s\u00e9curit\u00e9<\/h2>\n\n\n\n<p class=\"has-text-align-center has-neve-text-color-color has-text-color\" style=\"font-style:normal;font-weight:600\">Vous n&#8217;\u00eates qu&#8217;\u00e0 un coup de fil de trouver la solution d&#8217;escrow qui vous convient.<\/p>\n\n\n\n<p class=\"has-text-align-center has-neve-text-color-color has-text-color\">Demandez un rappel par e-mail ou contactez-nous d\u00e8s maintenant par t\u00e9l\u00e9phone.<br\/>Un expert sympathique se fera un plaisir de vous conseiller.<\/p>\n\n\n\n<div class=\"wp-block-buttons is-content-justification-center is-layout-flex wp-container-core-buttons-is-layout-16018d1d wp-block-buttons-is-layout-flex\">\n<div class=\"wp-block-button is-style-primary\"><a class=\"wp-block-button__link wp-element-button\" href=\"mailto:info@esag-escrow.ch?subject=R&#xFC;ckruf\">Demander \u00e0 \u00eatre rappel\u00e9<\/a><\/div>\n\n\n\n<div class=\"wp-block-button is-style-secondary\"><a class=\"wp-block-button__link wp-element-button\" href=\"tel:+41625116090\">appeler le 062 511 60 90<\/a><\/div>\n<\/div>\n\n\n\n<div style=\"height:50px\" aria-hidden=\"true\" class=\"wp-block-spacer\"><\/div>\n\n\n<div class=\"wp-block-image is-style-default\">\n<figure class=\"aligncenter size-full\"><a href=\"tel:+41625116090\"><img loading=\"lazy\" decoding=\"async\" width=\"125\" height=\"145\" src=\"https:\/\/www.esag-escrow.ch\/wp-content\/uploads\/2022\/11\/ESAG-Escrow-anrufen.qr-code.telefonnummer.png\" alt=\"Code QR pour appeler ESAG Escrow Services AG au 062 511 60 90\" class=\"wp-image-1200\" title=\"Scannez ce code QR avec votre t&#xE9;l&#xE9;phone portable pour nous appeler directement\"\/><\/a><\/figure><\/div>\n\n\n<div style=\"height:100px\" aria-hidden=\"true\" class=\"wp-block-spacer\"><\/div>\n<\/div><\/div>\n","protected":false},"excerpt":{"rendered":"","protected":false},"author":1,"featured_media":192,"parent":0,"menu_order":0,"comment_status":"closed","ping_status":"closed","template":"","meta":{"neve_meta_sidebar":"","neve_meta_container":"","neve_meta_enable_content_width":"on","neve_meta_content_width":100,"neve_meta_title_alignment":"","neve_meta_author_avatar":"","neve_post_elements_order":"","neve_meta_disable_header":"","neve_meta_disable_footer":"","neve_meta_disable_title":"on","neve_meta_reading_time":"","_themeisle_gutenberg_block_has_review":false,"footnotes":""},"class_list":["post-840","page","type-page","status-publish","has-post-thumbnail","hentry"],"aioseo_notices":[],"_links":{"self":[{"href":"https:\/\/www.esag-escrow.ch\/fr\/wp-json\/wp\/v2\/pages\/840","targetHints":{"allow":["GET"]}}],"collection":[{"href":"https:\/\/www.esag-escrow.ch\/fr\/wp-json\/wp\/v2\/pages"}],"about":[{"href":"https:\/\/www.esag-escrow.ch\/fr\/wp-json\/wp\/v2\/types\/page"}],"author":[{"embeddable":true,"href":"https:\/\/www.esag-escrow.ch\/fr\/wp-json\/wp\/v2\/users\/1"}],"replies":[{"embeddable":true,"href":"https:\/\/www.esag-escrow.ch\/fr\/wp-json\/wp\/v2\/comments?post=840"}],"version-history":[{"count":12,"href":"https:\/\/www.esag-escrow.ch\/fr\/wp-json\/wp\/v2\/pages\/840\/revisions"}],"predecessor-version":[{"id":3123,"href":"https:\/\/www.esag-escrow.ch\/fr\/wp-json\/wp\/v2\/pages\/840\/revisions\/3123"}],"wp:featuredmedia":[{"embeddable":true,"href":"https:\/\/www.esag-escrow.ch\/fr\/wp-json\/wp\/v2\/media\/192"}],"wp:attachment":[{"href":"https:\/\/www.esag-escrow.ch\/fr\/wp-json\/wp\/v2\/media?parent=840"}],"curies":[{"name":"wp","href":"https:\/\/api.w.org\/{rel}","templated":true}]}}