{"id":854,"date":"2022-05-19T22:54:48","date_gmt":"2022-05-19T20:54:48","guid":{"rendered":"https:\/\/www.esag-escrow.ch\/?page_id=854"},"modified":"2023-03-03T11:40:36","modified_gmt":"2023-03-03T10:40:36","slug":"licencie","status":"publish","type":"page","link":"https:\/\/www.esag-escrow.ch\/fr\/licencie\/","title":{"rendered":"Escrow pour les licenci\u00e9s"},"content":{"rendered":"\n<div class=\"wp-block-cover alignfull is-light has-custom-content-position is-position-center-right\" style=\"min-height:49vh;aspect-ratio:unset;\"><span aria-hidden=\"true\" class=\"wp-block-cover__background has-neve-link-color-background-color has-background-dim-10 has-background-dim\"><\/span><img loading=\"lazy\" decoding=\"async\" width=\"1600\" height=\"900\" src=\"https:\/\/www.esag-escrow.ch\/wp-content\/uploads\/2022\/06\/ESAG-Escrow_fuer_Lizenznehmer.jpg\" class=\"wp-block-cover__image-background wp-post-image\" alt=\"\" data-object-fit=\"cover\" data-object-position=\"50% 50%\" style=\"object-position:50% 50%;\" srcset=\"https:\/\/www.esag-escrow.ch\/wp-content\/uploads\/2022\/06\/ESAG-Escrow_fuer_Lizenznehmer.jpg 1600w, https:\/\/www.esag-escrow.ch\/wp-content\/uploads\/2022\/06\/ESAG-Escrow_fuer_Lizenznehmer-300x169.jpg 300w, https:\/\/www.esag-escrow.ch\/wp-content\/uploads\/2022\/06\/ESAG-Escrow_fuer_Lizenznehmer-1024x576.jpg 1024w, https:\/\/www.esag-escrow.ch\/wp-content\/uploads\/2022\/06\/ESAG-Escrow_fuer_Lizenznehmer-768x432.jpg 768w, https:\/\/www.esag-escrow.ch\/wp-content\/uploads\/2022\/06\/ESAG-Escrow_fuer_Lizenznehmer-1536x864.jpg 1536w\" sizes=\"auto, (max-width: 1600px) 100vw, 1600px\" \/><div class=\"wp-block-cover__inner-container is-layout-flow wp-block-cover-is-layout-flow\">\n<div style=\"height:100px\" aria-hidden=\"true\" class=\"wp-block-spacer\"><\/div>\n\n\n<h1 class=\"has-text-align-center esag-fancytitle hideme wp-block-post-title has-text-color has-nv-text-dark-bg-color\">Escrow pour les licenci\u00e9s<\/h1><\/div><\/div>\n\n<aside id=\"subnavbox\" class=\"wp-block-group esag-subnavbox o-sticky o-sticky-scope-main-area o-sticky-pos-top o-sticky-bhvr-keep o-sticky-offset-152 is-vertical is-content-justification-right is-layout-flex wp-container-core-group-is-layout-b6c475e2 wp-block-group-is-layout-flex\">\n<div id=\"subnav-content\" class=\"wp-block-group contentholder\"><div class=\"wp-block-group__inner-container is-layout-flow wp-block-group-is-layout-flow\">\n<div id=\"subnav-1\" class=\"wp-block-group\"><div class=\"wp-block-group__inner-container is-layout-constrained wp-block-group-is-layout-constrained\">\n<p class=\"widget-title\">Questions et r\u00e9ponses<\/p>\n\n\n\n<ul class=\"wp-block-list\">\n<li><a href=\"https:\/\/www.esag-escrow.ch\/fr\/software-escrow\/\" title=\"Qu'est-ce que Software-Escrow ?\">Qu&#8217;est-ce que Software-Escrow ?<\/a><\/li>\n<\/ul>\n<\/div><\/div>\n<\/div><\/div>\n<\/aside>\n<h1 class=\"wp-block-post-title has-text-color has-neve-link-hover-color-color\">Escrow pour les licenci\u00e9s<\/h1>\n<div class=\"wp-block-cover has-custom-content-position is-position-top-left\"><span aria-hidden=\"true\" class=\"wp-block-cover__background has-nv-site-bg-background-color has-background-dim-100 has-background-dim\"><\/span><div class=\"wp-block-cover__inner-container is-layout-flow wp-block-cover-is-layout-flow\">\n<div class=\"wp-block-group has-neve-text-color-color has-text-color\"><div class=\"wp-block-group__inner-container is-layout-flow wp-block-group-is-layout-flow\">\n<p class=\"has-text-align-left has-neve-text-color-color has-text-color\">En tant qu&#8217;<strong>utilisateur de logiciels<\/strong> et <strong>preneur de licence<\/strong>, vous \u00eates tributaire de la s\u00e9curit\u00e9 et de la continuit\u00e9 de vos processus commerciaux. Vous souhaitez limiter votre d\u00e9pendance vis-\u00e0-vis de vos fournisseurs, car une faillite ou une cessation d&#8217;activit\u00e9 du d\u00e9veloppeur vous obligerait \u00e0 changer de logiciel, ce qui serait co\u00fbteux et prendrait beaucoup de temps. Avec un Software-Escrow, vous obtenez des avantages complets :<\/p>\n\n\n\n<ul class=\"wp-block-list\">\n<li>Disponibilit\u00e9 des objets d\u00e9pos\u00e9s en cas de sinistre (cessation d&#8217;activit\u00e9, faillite ou d\u00e9faillance de la disponibilit\u00e9 ou de la performance du fournisseur de logiciels)<\/li>\n\n\n\n<li>Assurer les investissements dans les licences de logiciels, la formation du personnel, les reprises de donn\u00e9es et la gestion de projets<\/li>\n\n\n\n<li>Assurer une r\u00e9alisation de projet \u00e0 faible risque<\/li>\n\n\n\n<li>Assurer la disponibilit\u00e9 la plus longue possible des logiciels utilis\u00e9s<\/li>\n\n\n\n<li>R\u00e9duction des risques li\u00e9s aux contrats de licence de logiciels<\/li>\n<\/ul>\n<\/div><\/div>\n<\/div><\/div>\n\n<hr class=\"wp-block-separator has-alpha-channel-opacity labemi-section-divider\"\/>\n\n<div class=\"wp-block-cover has-custom-content-position is-position-top-left esag-serviceboxes\"><span aria-hidden=\"true\" class=\"wp-block-cover__background has-nv-site-bg-background-color has-background-dim-100 has-background-dim\"><\/span><div class=\"wp-block-cover__inner-container is-layout-flow wp-block-cover-is-layout-flow\">\n<div class=\"wp-block-group has-neve-text-color-color has-text-color\"><div class=\"wp-block-group__inner-container is-layout-flow wp-block-group-is-layout-flow\">\n<h2 class=\"wp-block-heading\">Nos services pour vous<\/h2>\n\n\n\n<div style=\"height:40px\" aria-hidden=\"true\" class=\"wp-block-spacer\"><\/div>\n<\/div><\/div>\n\n\n\n<div id=\"wp-block-themeisle-blocks-advanced-columns-a8624300\" class=\"wp-block-themeisle-blocks-advanced-columns has-2-columns has-desktop-equal-layout has-tablet-equal-layout has-mobile-collapsedRows-layout has-vertical-unset\"><div class=\"wp-block-themeisle-blocks-advanced-columns-overlay\"><\/div><div class=\"innerblocks-wrap\">\n<div id=\"wp-block-themeisle-blocks-advanced-column-f988f7f4\" class=\"wp-block-themeisle-blocks-advanced-column\">\n<h5 class=\"has-text-align-center has-neve-text-color-color has-text-color wp-block-heading\"><i class=\"fa-light fa-comments-question-check fa-3x fa-fw\"><\/i><\/h5>\n\n\n\n<h3 class=\"has-text-align-center has-neve-text-color-color has-text-color wp-block-heading\">Conseil<\/h3>\n\n\n\n<p class=\"has-text-align-center has-neve-text-color-color has-text-color\">Conseils professionnels sur le type de contrats d&#8217;escrow \u00e0 utiliser (par ex. contrats individuels, contrats-cadres, contrats standard et contrats individuels)<\/p>\n<\/div>\n\n\n\n<div id=\"wp-block-themeisle-blocks-advanced-column-006ec055\" class=\"wp-block-themeisle-blocks-advanced-column\">\n<h5 class=\"has-text-align-center has-neve-text-color-color has-text-color wp-block-heading\"><i class=\"fa-light fa-file-contract fa-3x fa-fw\"><\/i><\/h5>\n\n\n\n<h3 class=\"has-text-align-center has-neve-text-color-color has-text-color wp-block-heading\">R\u00e9daction du contrat<\/h3>\n\n\n\n<p class=\"has-text-align-center has-neve-text-color-color has-text-color\">R\u00e9daction de contrats adapt\u00e9s aux besoins (\u00e9galement en plusieurs langues)<\/p>\n<\/div>\n<\/div><\/div>\n\n\n\n<div id=\"wp-block-themeisle-blocks-advanced-columns-40087b3a\" class=\"wp-block-themeisle-blocks-advanced-columns has-2-columns has-desktop-equal-layout has-tablet-equal-layout has-mobile-collapsedRows-layout has-vertical-unset\"><div class=\"wp-block-themeisle-blocks-advanced-columns-overlay\"><\/div><div class=\"innerblocks-wrap\">\n<div id=\"wp-block-themeisle-blocks-advanced-column-5dc8e39d\" class=\"wp-block-themeisle-blocks-advanced-column\">\n<h5 class=\"has-text-align-center has-neve-text-color-color has-text-color wp-block-heading\"><i class=\"fa-light fa-vault fa-3x fa-fw\"><\/i><\/h5>\n\n\n\n<h3 class=\"has-text-align-center has-neve-text-color-color has-text-color wp-block-heading\">Rangement<\/h3>\n\n\n\n<p class=\"has-text-align-center has-neve-text-color-color has-text-color\">Conservation des objets qui nous sont confi\u00e9s \u00e0 l&#8217;abri des cambriolages et des vols<\/p>\n<\/div>\n\n\n\n<div id=\"wp-block-themeisle-blocks-advanced-column-fdd76347\" class=\"wp-block-themeisle-blocks-advanced-column\">\n<h5 class=\"has-text-align-center has-neve-text-color-color has-text-color wp-block-heading\"><i class=\"fa-light fa-code-branch fa-3x fa-fw\"><\/i><\/h5>\n\n\n\n<h3 class=\"has-text-align-center has-neve-text-color-color has-text-color wp-block-heading\">Contr\u00f4le<\/h3>\n\n\n\n<p class=\"has-text-align-center has-neve-text-color-color has-text-color\">Contr\u00f4les des versions des objets livr\u00e9s<\/p>\n<\/div>\n<\/div><\/div>\n\n\n\n<div id=\"wp-block-themeisle-blocks-advanced-columns-41be29dc\" class=\"wp-block-themeisle-blocks-advanced-columns has-2-columns has-desktop-equal-layout has-tablet-equal-layout has-mobile-collapsedRows-layout has-vertical-unset\"><div class=\"wp-block-themeisle-blocks-advanced-columns-overlay\"><\/div><div class=\"innerblocks-wrap\">\n<div id=\"wp-block-themeisle-blocks-advanced-column-bba0e924\" class=\"wp-block-themeisle-blocks-advanced-column\">\n<h5 class=\"has-text-align-center has-neve-text-color-color has-text-color wp-block-heading\"><i class=\"fa-light fa-truck-bolt fa-3x fa-fw\"><\/i><\/h5>\n\n\n\n<h3 class=\"has-text-align-center has-neve-text-color-color has-text-color wp-block-heading\">Transport<\/h3>\n\n\n\n<p class=\"has-text-align-center has-neve-text-color-color has-text-color\">Transports de s\u00e9curit\u00e9 des marchandises \u00e0 d\u00e9poser<\/p>\n<\/div>\n\n\n\n<div id=\"wp-block-themeisle-blocks-advanced-column-b258bb54\" class=\"wp-block-themeisle-blocks-advanced-column\">\n<h5 class=\"has-text-align-center has-neve-text-color-color has-text-color wp-block-heading\"><i class=\"fa-light fa-list-check fa-3x fa-fw\"><\/i><\/h5>\n\n\n\n<h3 class=\"has-text-align-center has-neve-text-color-color has-text-color wp-block-heading\">V\u00e9rification<\/h3>\n\n\n\n<p class=\"has-text-align-center has-neve-text-color-color has-text-color\">v\u00e9rification de l&#8217;\u00e9tendue et du contenu des objets d\u00e9pos\u00e9s (par exemple, contr\u00f4les techniques \u00e0 plusieurs niveaux)<\/p>\n<\/div>\n<\/div><\/div>\n\n\n\n<div id=\"wp-block-themeisle-blocks-advanced-columns-5549ff47\" class=\"wp-block-themeisle-blocks-advanced-columns has-2-columns has-desktop-equal-layout has-tablet-equal-layout has-mobile-collapsedRows-layout has-vertical-unset\"><div class=\"wp-block-themeisle-blocks-advanced-columns-overlay\"><\/div><div class=\"innerblocks-wrap\">\n<div id=\"wp-block-themeisle-blocks-advanced-column-eceb3b72\" class=\"wp-block-themeisle-blocks-advanced-column\">\n<h5 class=\"has-text-align-center has-neve-text-color-color has-text-color wp-block-heading\"><i class=\"fa-light fa-database fa-3x fa-fw\"><\/i><\/h5>\n\n\n\n<h3 class=\"has-text-align-center has-neve-text-color-color has-text-color wp-block-heading\">Base de donn\u00e9es<\/h3>\n\n\n\n<p class=\"has-text-align-center has-neve-text-color-color has-text-color\">Gestion de bases de donn\u00e9es contenant des informations sur les d\u00e9tenteurs de savoir-faire (\u00e0 utiliser en cas de sinistre)<\/p>\n<\/div>\n\n\n\n<div id=\"wp-block-themeisle-blocks-advanced-column-db299da6\" class=\"wp-block-themeisle-blocks-advanced-column\">\n<h5 class=\"has-text-align-center has-neve-text-color-color has-text-color wp-block-heading\"><i class=\"fa-light fa-person-carry-box fa-3x fa-fw\"><\/i><\/h5>\n\n\n\n<h3 class=\"has-text-align-center has-neve-text-color-color has-text-color wp-block-heading\">Livraison<\/h3>\n\n\n\n<p class=\"has-text-align-center has-neve-text-color-color has-text-color\">Restitution contr\u00f4l\u00e9e et conforme au contrat des objets d\u00e9pos\u00e9s en cas de sinistre<\/p>\n<\/div>\n<\/div><\/div>\n<\/div><\/div>\n\n<div class=\"wp-block-cover alignfull\" style=\"min-height:300px;aspect-ratio:unset;\" id=\"unabhaengig-mit-esag-escrow\"><span aria-hidden=\"true\" class=\"wp-block-cover__background has-nv-dark-bg-background-color has-background-dim-100 has-background-dim\"><\/span><div class=\"wp-block-cover__inner-container is-layout-flow wp-block-cover-is-layout-flow\">\n<div style=\"height:100px\" aria-hidden=\"true\" class=\"wp-block-spacer\"><\/div>\n\n\n\n<p class=\"has-text-align-center has-nv-site-bg-color has-text-color has-large-font-size\"><strong>Des entreprises leaders dans leur secteur<br\/>renforcent d\u00e9j\u00e0 leur<br\/>ind\u00e9pendance strat\u00e9gique<br\/>avec ESAG Escrow Services.<\/strong><\/p>\n\n\n\n<div style=\"height:50px\" aria-hidden=\"true\" class=\"wp-block-spacer\"><\/div>\n\n\n\n<p class=\"has-text-align-center has-nv-light-bg-color has-text-color has-large-font-size\">Nous sommes heureux de vous proposer \u00e9galement<br\/>nos produits apaisants<br\/>Services de disponibilit\u00e9<br\/>de pouvoir offrir.<\/p>\n\n\n\n<div style=\"height:100px\" aria-hidden=\"true\" class=\"wp-block-spacer\"><\/div>\n<\/div><\/div>\n\n<div class=\"wp-block-cover alignfull\" style=\"min-height:420px;aspect-ratio:unset;\" id=\"ESAG-kontakt\"><span aria-hidden=\"true\" class=\"wp-block-cover__background has-nv-site-bg-background-color has-background-dim-100 has-background-dim\"><\/span><div class=\"wp-block-cover__inner-container is-layout-flow wp-block-cover-is-layout-flow\">\n<div style=\"height:100px\" aria-hidden=\"true\" class=\"wp-block-spacer\"><\/div>\n\n\n\n<h2 class=\"has-text-align-center has-neve-link-hover-color-color has-text-color wp-block-heading\">Votre solution en toute s\u00e9curit\u00e9<\/h2>\n\n\n\n<p class=\"has-text-align-center has-neve-text-color-color has-text-color\" style=\"font-style:normal;font-weight:600\">Vous n&#8217;\u00eates qu&#8217;\u00e0 un coup de fil de trouver la solution d&#8217;escrow qui vous convient.<\/p>\n\n\n\n<p class=\"has-text-align-center has-neve-text-color-color has-text-color\">Demandez un rappel par e-mail ou contactez-nous d\u00e8s maintenant par t\u00e9l\u00e9phone.<br\/>Un expert sympathique se fera un plaisir de vous conseiller.<\/p>\n\n\n\n<div class=\"wp-block-buttons is-content-justification-center is-layout-flex wp-container-core-buttons-is-layout-16018d1d wp-block-buttons-is-layout-flex\">\n<div class=\"wp-block-button is-style-primary\"><a class=\"wp-block-button__link wp-element-button\" href=\"mailto:info@esag-escrow.ch?subject=R&#xFC;ckruf\">Demander \u00e0 \u00eatre rappel\u00e9<\/a><\/div>\n\n\n\n<div class=\"wp-block-button is-style-secondary\"><a class=\"wp-block-button__link wp-element-button\" href=\"tel:+41625116090\">appeler le 062 511 60 90<\/a><\/div>\n<\/div>\n\n\n\n<div style=\"height:50px\" aria-hidden=\"true\" class=\"wp-block-spacer\"><\/div>\n\n\n<div class=\"wp-block-image is-style-default\">\n<figure class=\"aligncenter size-full\"><a href=\"tel:+41625116090\"><img loading=\"lazy\" decoding=\"async\" width=\"125\" height=\"145\" src=\"https:\/\/www.esag-escrow.ch\/wp-content\/uploads\/2022\/11\/ESAG-Escrow-anrufen.qr-code.telefonnummer.png\" alt=\"Code QR pour appeler ESAG Escrow Services AG au 062 511 60 90\" class=\"wp-image-1200\" title=\"Scannez ce code QR avec votre t&#xE9;l&#xE9;phone portable pour nous appeler directement\"\/><\/a><\/figure><\/div>\n\n\n<div style=\"height:100px\" aria-hidden=\"true\" class=\"wp-block-spacer\"><\/div>\n<\/div><\/div>\n","protected":false},"excerpt":{"rendered":"","protected":false},"author":1,"featured_media":198,"parent":0,"menu_order":0,"comment_status":"closed","ping_status":"closed","template":"","meta":{"neve_meta_sidebar":"right","neve_meta_container":"","neve_meta_enable_content_width":"on","neve_meta_content_width":100,"neve_meta_title_alignment":"right","neve_meta_author_avatar":"","neve_post_elements_order":"","neve_meta_disable_header":"off","neve_meta_disable_footer":"","neve_meta_disable_title":"on","neve_meta_reading_time":"","_themeisle_gutenberg_block_has_review":false,"footnotes":""},"class_list":["post-854","page","type-page","status-publish","has-post-thumbnail","hentry"],"aioseo_notices":[],"_links":{"self":[{"href":"https:\/\/www.esag-escrow.ch\/fr\/wp-json\/wp\/v2\/pages\/854","targetHints":{"allow":["GET"]}}],"collection":[{"href":"https:\/\/www.esag-escrow.ch\/fr\/wp-json\/wp\/v2\/pages"}],"about":[{"href":"https:\/\/www.esag-escrow.ch\/fr\/wp-json\/wp\/v2\/types\/page"}],"author":[{"embeddable":true,"href":"https:\/\/www.esag-escrow.ch\/fr\/wp-json\/wp\/v2\/users\/1"}],"replies":[{"embeddable":true,"href":"https:\/\/www.esag-escrow.ch\/fr\/wp-json\/wp\/v2\/comments?post=854"}],"version-history":[{"count":52,"href":"https:\/\/www.esag-escrow.ch\/fr\/wp-json\/wp\/v2\/pages\/854\/revisions"}],"predecessor-version":[{"id":3181,"href":"https:\/\/www.esag-escrow.ch\/fr\/wp-json\/wp\/v2\/pages\/854\/revisions\/3181"}],"wp:featuredmedia":[{"embeddable":true,"href":"https:\/\/www.esag-escrow.ch\/fr\/wp-json\/wp\/v2\/media\/198"}],"wp:attachment":[{"href":"https:\/\/www.esag-escrow.ch\/fr\/wp-json\/wp\/v2\/media?parent=854"}],"curies":[{"name":"wp","href":"https:\/\/api.w.org\/{rel}","templated":true}]}}